{"id":29352,"date":"2025-10-23T11:17:16","date_gmt":"2025-10-23T09:17:16","guid":{"rendered":"https:\/\/folk-peuplesetbeaute.com\/?page_id=29352"},"modified":"2025-10-23T15:14:01","modified_gmt":"2025-10-23T13:14:01","slug":"nos-ingredients","status":"publish","type":"page","link":"https:\/\/folk-peuplesetbeaute.com\/en\/nos-ingredients\/","title":{"rendered":"Nos ingr\u00e9dients"},"content":{"rendered":"<p>[et_pb_section fb_built=\u00a0\u00bb1&Prime; _builder_version=\u00a0\u00bb4.27.4&Prime; _module_preset=\u00a0\u00bbdefault\u00a0\u00bb global_colors_info=\u00a0\u00bb{}\u00a0\u00bb][et_pb_row _builder_version=\u00a0\u00bb4.27.4&Prime; _module_preset=\u00a0\u00bbdefault\u00a0\u00bb global_colors_info=\u00a0\u00bb{}\u00a0\u00bb][et_pb_column type=\u00a0\u00bb4_4&Prime; _builder_version=\u00a0\u00bb4.27.4&Prime; _module_preset=\u00a0\u00bbdefault\u00a0\u00bb global_colors_info=\u00a0\u00bb{}\u00a0\u00bb][et_pb_text _builder_version=\u00a0\u00bb4.27.4&Prime; _module_preset=\u00a0\u00bbdefault\u00a0\u00bb text_orientation=\u00a0\u00bbjustified\u00a0\u00bb hover_enabled=\u00a0\u00bb0&Prime; global_colors_info=\u00a0\u00bb{}\u00a0\u00bb header_text_align=\u00a0\u00bbjustify\u00a0\u00bb header_font=\u00a0\u00bb|700||on|||||\u00a0\u00bb sticky_enabled=\u00a0\u00bb0&Prime;]<\/p>\n<h1>Nos ingr\u00e9dients<\/h1>\n<p>&nbsp;<\/p>\n<p>BABASSU<\/p>\n<p>Beurre naturel de Babas\u00fa.\u00a0L\u2019huile de Babas\u00fa a des propri\u00e9t\u00e9s hydratantes, \u00e9mollientes et nourrissantes qui en font une huile parfaite pour faire des savons, des masques capillaires, des huiles de massage, des baumes \u00e0 l\u00e8vres et des cr\u00e8mes. Il est \u00e9galement indiqu\u00e9 pour tous les types de peau car il ne laisse pas de sensation grasse.<\/p>\n<p>&nbsp;<\/p>\n<p>SAFRAN<\/p>\n<p>L\u2019huile essentielle de safran est un tr\u00e9sor pr\u00e9cieux, r\u00e9put\u00e9 pour ses propri\u00e9t\u00e9s \u00e9clatantes et r\u00e9g\u00e9n\u00e9rantes.<\/p>\n<p>Riche en antioxydants naturels, elle aide \u00e0 raviver la luminosit\u00e9 de la peau et \u00e0 pr\u00e9server sa jeunesse.<\/p>\n<p>Sa texture d\u00e9licate p\u00e9n\u00e8tre facilement, laissant un toucher soyeux et lumineux.<\/p>\n<p>Connue depuis des si\u00e8cles dans les rituels de beaut\u00e9 du monde, elle incarne l\u2019alliance entre nature et savoir-faire ancestral.<\/p>\n<p>&nbsp;<\/p>\n<p>AVOCAT<\/p>\n<p>Huile d\u2019avocat\u00a0obtenue \u00e0 partir de la pulpe m\u00fbre de ce fruit. Votre ingr\u00e9dient alli\u00e9 dans les cosm\u00e9tiques naturels ! Il se distingue par ses propri\u00e9t\u00e9s hydratantes et revitalisantes, \u00e0 la fois pour les cheveux et pour la peau, il est donc utilis\u00e9 comme mati\u00e8re premi\u00e8re dans les pr\u00e9parations cosm\u00e9tiques et capillaires qui offrent une hydratation extr\u00eame.\u00a0L\u2019huile d\u2019avocat est utilis\u00e9e dans les produits capillaires qui offrent une nutrition et ralentissent la perte de cheveux. Il est utilis\u00e9 comme ingr\u00e9dient pour faire des shampooings, des revitalisants, des masques, des s\u00e9rums&#8230; Et dans l\u2019\u00e9laboration de cr\u00e8mes pour le corps et le visage, il est choisi parce qu\u2019il est id\u00e9al pour les peaux sensibles.\u00a0<\/p>\n<p>&nbsp;<\/p>\n<p>JOJOBA<\/p>\n<p>C\u2019est une huile pure de premi\u00e8re pression froide. L\u2019huile de jojoba est un alli\u00e9 naturel pour les soins de la peau et des cheveux, car elle offre de multiples avantages. Parmi\u00a0les propri\u00e9t\u00e9s de l\u2019huile de jojoba, les propri\u00e9t\u00e9s\u00a0nourrissantes et hydratantes, anti-\u00e2ge, anti-acn\u00e9, r\u00e9g\u00e9n\u00e9rantes et photoprotectrices se distinguent.<\/p>\n<p>&nbsp;<\/p>\n<p>TAMANU<\/p>\n<p>&nbsp;<\/p>\n<p>MACADAMIA<\/p>\n<p>L\u2019huile de macadamia\u00a0est utilis\u00e9e comme ingr\u00e9dient dans les cosm\u00e9tiques naturels pour ses merveilleuses propri\u00e9t\u00e9s adoucissantes, cicatrisantes, antipelliculaires et anti-chutes.\u00a0<\/p>\n<p>&nbsp;<\/p>\n<p>MIEL NOIR<\/p>\n<p>Son premier r\u00f4le est d\u2019aider la peau \u00e0 maintenir un pH acide et ainsi emp\u00eacher la p\u00e9n\u00e9tration de micro-organismes nocifs. Ensuite, il pr\u00e9vient de la d\u00e9shydratation des tissus de votre peau jusqu\u2019\u00e0 la surface.\u00a0<\/p>\n<p>&nbsp;<\/p>\n<p>CARTHAME<\/p>\n<p>L\u2019huile de carthame est reconnue pour ses vertus nourrissantes et r\u00e9g\u00e9n\u00e9rantes sur la peau.<\/p>\n<p>Riche en acides gras essentiels, elle aide \u00e0 pr\u00e9server l\u2019\u00e9lasticit\u00e9 et la douceur du teint.<\/p>\n<p>Sa texture l\u00e9g\u00e8re p\u00e9n\u00e8tre facilement, laissant la peau soyeuse et confortable.<\/p>\n<p>Traditionnellement utilis\u00e9e dans les rituels de beaut\u00e9 \u00e0 travers le monde, elle incarne un soin ancestral et naturel.<\/p>\n<p>Chaque goutte est issue de plantes cultiv\u00e9es avec soin, respectant la peau et l\u2019environnement.<\/p>\n<p>Un v\u00e9ritable \u00e9lixir pour r\u00e9v\u00e9ler la beaut\u00e9 naturelle et l\u2019\u00e9clat de votre peau.<\/p>\n<p>&nbsp;<\/p>\n<p>MANGUE<\/p>\n<p>Ingr\u00e9dient cosm\u00e9tique id\u00e9al pour enrichir cr\u00e8mes, huiles de massage, baumes et autres soins corporels. Elle est associ\u00e9e \u00e0 des propri\u00e9t\u00e9s hydratantes, nutritives et r\u00e9g\u00e9n\u00e9rantes, ce qui en fait une excellente option pour les peaux s\u00e8ches, matures ou manquant d\u2019\u00e9lasticit\u00e9.<\/p>\n<p>&nbsp;<\/p>\n<p>HUILE DE SABAL<\/p>\n<p>Le palmier nain (<span>Serenoa repens<\/span>) appartient \u00e0 la famille Palmae, ou Arecaceae. On l\u2019appelle aussi sabal, ou palmier de Floride. Il s\u2019agit d\u2019un petit palmier \u00e0 feuilles dispos\u00e9es en \u00e9ventail spontan\u00e9. Il peut mesurer entre 70 centim\u00e8tres et 3 m\u00e8tres de hauteur.<\/p>\n<p>Pigment naturellement antioxydant, l\u2019astaxanthine pr\u00e9sente dans l\u2019huile de Sabal, est appr\u00e9ci\u00e9e pour ses vertus sur la peau et le maintien de la testost\u00e9rone chez l\u2019homme \u00e2g\u00e9.<\/p>\n<p>&nbsp;<\/p>\n<p>HUILE DE GINGEMBRE<\/p>\n<p>Ingr\u00e9dient cosm\u00e9tique d\u2019origine v\u00e9g\u00e9tale id\u00e9al pour enrichir cr\u00e8mes, huiles corporelles, savons ou soins de massage. Elle est associ\u00e9e \u00e0 des propri\u00e9t\u00e9s\u00a0stimulantes, tonifiantes et revitalisantes, ce qui en fait une alli\u00e9e pr\u00e9cieuse pour am\u00e9liorer l\u2019apparence de la peau et renforcer sa\u00a0fermet\u00e9. Elle aide \u00e0\u00a0activer la microcirculation.<\/p>\n<p>&nbsp;<\/p>\n<p>HUILE D\u2019HYSOPE<\/p>\n<p>Ingr\u00e9dient cosm\u00e9tique id\u00e9al pour enrichir\u00a0cr\u00e8mes,\u00a0huiles de massage,\u00a0baumes,\u00a0masques\u00a0ou\u00a0savons. Connue pour ses propri\u00e9t\u00e9s\u00a0purifiantes,\u00a0tonifiantes,\u00a0apaisantes\u00a0et\u00a0antioxydantes, elle est recommand\u00e9e pour les\u00a0peaux mixtes, grasses, sensibles ou ternes. Elle contient de la\u00a0vitamine\u00a0E, qui aide \u00e0 prot\u00e9ger la phase huileuse et apporte un soin suppl\u00e9mentaire.<\/p>\n<p>&nbsp;<\/p>\n<p>HUILE DE TEPEZCOHUITE<\/p>\n<p>\u00c9labor\u00e9 \u00e0 partir de l\u2019\u00e9corce de tepezcohuite\u00a0(<span><em>Mimosa tenuiflora<\/em><\/span>\u00a0\/\u00a0<span><em>Mimosa hostilis<\/em><\/span>, \u00e9galement appel\u00e9 \u00ab\u00a0arbre de la peau\u00a0\u00bb), il est associ\u00e9 \u00e0 un profil\u00a0antioxydant\u00a0et de\u00a0soin r\u00e9g\u00e9n\u00e9rant\u00a0et\u00a0cicatrisant (traditionnel), appr\u00e9ci\u00e9 dans des routines visant \u00e0 am\u00e9liorer l\u2019aspect des\u00a0peaux.<\/p>\n<p>&nbsp;<\/p>\n<p>HUILE D \u2018OLIVE<\/p>\n<p>Huile d\u2019olive espagnole de grade cosm\u00e9tique,\u00a0ingr\u00e9dient cosm\u00e9tique polyvalent pour enrichir\u00a0cr\u00e8mes,\u00a0huiles de massage,\u00a0onguents,\u00a0masques\u00a0ou\u00a0savons. Issue du fruit d\u2019<span><em>Olea europaea<\/em><\/span>, elle apporte de l\u2019\u00e9mollience, am\u00e9liore la\u00a0glisse\u00a0et laisse une sensation de\u00a0confort\u00a0sur la peau. \u00c9tant un produit naturel, la couleur et la turbidit\u00e9 peuvent varier d\u2019un lot \u00e0 l\u2019autre.<\/p>\n<p>&nbsp;<\/p>\n<p>HUILE DE CALENDUA<\/p>\n<p>L\u2019huile de calendula\u00a0a des propri\u00e9t\u00e9s anti-inflammatoires et antiseptiques. Notre huile de calendula est une mac\u00e9ration de fleurs de calendula. Elle est riche en vitamine E.<\/p>\n<p>&nbsp;<\/p>\n<p>HUILE DE ROUCOU<\/p>\n<p>Huile de rocou, extrait huileux. Ingr\u00e9dient cosm\u00e9tique id\u00e9al pour formuler des produits qui apportent\u00a0protection\u00a0et\u00a0\u00e9clat\u00a0\u00e0 la peau. Riche en\u00a0bixine, un pigment v\u00e9g\u00e9tal aux propri\u00e9t\u00e9s\u00a0antioxydantes\u00a0et\u00a0anti-inflammatoires, cette huile aide \u00e0 prot\u00e9ger la peau des\u00a0radicaux libres\u00a0et \u00e0 unifier le teint.\u00a0<\/p>\n<p>&nbsp;<\/p>\n<p>HUILE D\u2019HELICHRYLE<\/p>\n<p>Elle est associ\u00e9e \u00e0 des propri\u00e9t\u00e9s apaisantes, r\u00e9g\u00e9n\u00e9rantes et revitalisantes, ce qui en fait une excellente option pour les peaux sensibles, rougies ou fatigu\u00e9es. Elle contient \u00e9galement de la\u00a0vitamine E, un antioxydant qui aide \u00e0 mieux conserver l\u2019huile et procure des bienfaits suppl\u00e9mentaires pour la peau, comme\u00a0l\u2019hydratation, la protection\u00a0et la\u00a0r\u00e9g\u00e9n\u00e9ration.\u00a0<\/p>\n<p>&nbsp;<\/p>\n<p>HUILE DE YERBA MATE<\/p>\n<p>Issue des feuilles d\u2019<span><em>Ilex paraguariensis<\/em><\/span>, elle est associ\u00e9e \u00e0 des bienfaits\u00a0antioxydants,\u00a0tonifiants\u00a0et\u00a0purifiants, utiles dans les routines visant \u00e0\u00a0revitaliser la peau fatigu\u00e9e\u00a0et \u00e0 contribuer \u00e0 la protection contre le\u00a0stress oxydatif.\u00a0<\/p>\n<p>&nbsp;<\/p>\n<p>HUILE DE FENUGREC<\/p>\n<p>Il est reconnu pour ses\u00a0propri\u00e9t\u00e9s tonifiantes, \u00e9mollientes et antioxydantes, particuli\u00e8rement appr\u00e9ci\u00e9es pour le soin des\u00a0peaux matures, s\u00e8ches ou manquant de fermet\u00e9. Il aide \u00e0 am\u00e9liorer l\u2019\u00e9lasticit\u00e9 cutan\u00e9e, apporte du confort et prot\u00e8ge la peau contre le stress oxydatif.<\/p>\n<p>&nbsp;<\/p>\n<p>HUILE DE BAOBAB<\/p>\n<p>De texture\u00a0l\u00e9g\u00e8re\u00a0et \u00e0\u00a0absorption rapide, elle est associ\u00e9e \u00e0 des propri\u00e9t\u00e9s\u00a0nourrissantes,\u00a0\u00e9mollientes\u00a0et\u00a0antioxydantes\u00a0(gr\u00e2ce \u00e0 sa teneur naturelle en\u00a0vitamine E), aidant \u00e0 am\u00e9liorer l\u2019\u00e9lasticit\u00e9, \u00e0 adoucir la peau et \u00e0 lui donner un aspect plus\u00a0lumineux.\u00a0<\/p>\n<p>&nbsp;<\/p>\n<p>HUILE D\u2019ORTIE BLANCHE<\/p>\n<p>une action\u00a0revitalisante, purifiante et \u00e9quilibrante. Elle s\u2019utilise dans l\u2019\u00e9laboration de produits\u00a0pour le visage, le corps et les cheveux, particuli\u00e8rement recommand\u00e9s pour les\u00a0peaux mixtes \u00e0 grasses\u00a0et les\u00a0cheveux gras ou fragilis\u00e9s. Elle contribue \u00e0\u00a0r\u00e9guler la production de s\u00e9bum,\u00a0adoucir la peau\u00a0et\u00a0renforcer le cuir chevel<span>u<\/span>.<\/p>\n<p>&nbsp;<\/p>\n<p>HUILE DE LAURIER<\/p>\n<p>Huile de laurier, extrait huileux\u00a0Ingr\u00e9dient cosm\u00e9tique naturel pour \u00e9laborer des produits destin\u00e9s au soin de la peau et des cheveux. Elle offre des propri\u00e9t\u00e9s\u00a0purifiantes, revitalisantes et tonifiantes, aidant \u00e0 \u00e9quilibrer les peaux grasses, raviver les teints ternes et fortifier le cuir chevelu.<\/p>\n<p>&nbsp;<\/p>\n<p>HUILE DE KARANJA<\/p>\n<p>L\u2019huile de karanja biologique, pure \u00e0 100%, \u00e9galement connue sous le nom d\u2019huile de pongamia, est extraite des graines de l\u2019arbre\u00a0pongamia pinnata\u00a0par\u00a0pression \u00e0 froid, garantissant un produit respectueux de l\u2019environnement. Cette huile v\u00e9g\u00e9tale bio est appr\u00e9ci\u00e9e pour ses propri\u00e9t\u00e9s antioxydantes, apaisantes et antibact\u00e9riennes, et elle est id\u00e9ale pour une large gamme de produits cosm\u00e9tiques. Elle peut \u00eatre utilis\u00e9e dans des\u00a0cr\u00e8mes pour le corps\u00a0et\u00a0lotions apaisantes\u00a0pour soulager des probl\u00e8mes de peau comme le psoriasis, la dermatite ou l\u2019ecz\u00e9ma. Elle est \u00e9galement efficace dans les soins anti-\u00e2ges tels que les\u00a0s\u00e9rums visage,\u00a0cr\u00e8mes contour des yeux\u00a0et\u00a0traitements pour peaux s\u00e8ches et matures.<\/p>\n<p>&nbsp;<\/p>\n<p>HUILE DE PROPOLIS<\/p>\n<p>Huile de propolis, ingr\u00e9dient cosm\u00e9tique id\u00e9al pour enrichir cr\u00e8mes, onguents, baumes et autres produits de soin corporel. Elle est associ\u00e9e \u00e0 des propri\u00e9t\u00e9s purifiantes, r\u00e9paratrices et protectrices, ce qui en fait un excellent choix pour prendre soin des peaux sensibles ou pr\u00e9sentant des imperfections. Ajoute-la \u00e0 tes formules naturelles et renforce son action nettoyante et apaisante\u00a0!\u00a0<\/p>\n<p>&nbsp;<\/p>\n<p>HUILE DE LIERRE<\/p>\n<p>Ingr\u00e9dient cosm\u00e9tique id\u00e9al pour enrichir cr\u00e8mes, huiles de massage, onguents et autres soins corporels. Elle est associ\u00e9e \u00e0 des propri\u00e9t\u00e9s drainantes, raffermissantes et tonifiantes, ce qui en fait une excellente option pour les peaux rel\u00e2ch\u00e9es ou les zones sujettes \u00e0 la cellulite. Elle est \u00e9galement utilis\u00e9e dans des formules con\u00e7ues pour les jambes fatigu\u00e9es. Int\u00e8gre l\u2019huile de lierre dans tes pr\u00e9parations et am\u00e9liore naturellement l\u2019aspect de ta peau<\/p>\n<p>&nbsp;<\/p>\n<p>HUILE DE GRAINE DE CHIA<\/p>\n<p>L\u2019huile de graine de chia est un concentr\u00e9 de nutrition et de vitalit\u00e9 pour la peau.<\/p>\n<p>Riche en om\u00e9ga\u20113 et antioxydants, elle aide \u00e0 renforcer l\u2019\u00e9lasticit\u00e9 et \u00e0 prot\u00e9ger la peau des agressions ext\u00e9rieures.<\/p>\n<p>Sa texture l\u00e9g\u00e8re p\u00e9n\u00e8tre rapidement, laissant un toucher doux et soyeux.Inspir\u00e9e des traditions ancestrales, elle c\u00e9l\u00e8bre la beaut\u00e9 naturelle et les rituels du monde.<\/p>\n<p>[\/et_pb_text][\/et_pb_column][\/et_pb_row][\/et_pb_section]<\/p>\n","protected":false},"excerpt":{"rendered":"<p>Nos ingr\u00e9dients &nbsp; BABASSU Beurre naturel de Babas\u00fa.\u00a0L\u2019huile de Babas\u00fa a des propri\u00e9t\u00e9s hydratantes, \u00e9mollientes et nourrissantes qui en font une huile parfaite pour faire des savons, des masques capillaires, des huiles de massage, des baumes \u00e0 l\u00e8vres et des cr\u00e8mes. Il est \u00e9galement indiqu\u00e9 pour tous les types de peau car il ne laisse [&hellip;]<\/p>\n","protected":false},"author":1,"featured_media":0,"parent":0,"menu_order":0,"comment_status":"closed","ping_status":"closed","template":"","meta":{"_acf_changed":false,"_et_pb_use_builder":"on","_et_pb_old_content":"","_et_gb_content_width":"","footnotes":""},"class_list":["post-29352","page","type-page","status-publish","hentry"],"acf":[],"jetpack_shortlink":"https:\/\/wp.me\/PgSzTA-7Dq","jetpack_sharing_enabled":true,"_links":{"self":[{"href":"https:\/\/folk-peuplesetbeaute.com\/en\/wp-json\/wp\/v2\/pages\/29352","targetHints":{"allow":["GET"]}}],"collection":[{"href":"https:\/\/folk-peuplesetbeaute.com\/en\/wp-json\/wp\/v2\/pages"}],"about":[{"href":"https:\/\/folk-peuplesetbeaute.com\/en\/wp-json\/wp\/v2\/types\/page"}],"author":[{"embeddable":true,"href":"https:\/\/folk-peuplesetbeaute.com\/en\/wp-json\/wp\/v2\/users\/1"}],"replies":[{"embeddable":true,"href":"https:\/\/folk-peuplesetbeaute.com\/en\/wp-json\/wp\/v2\/comments?post=29352"}],"version-history":[{"count":5,"href":"https:\/\/folk-peuplesetbeaute.com\/en\/wp-json\/wp\/v2\/pages\/29352\/revisions"}],"predecessor-version":[{"id":29434,"href":"https:\/\/folk-peuplesetbeaute.com\/en\/wp-json\/wp\/v2\/pages\/29352\/revisions\/29434"}],"wp:attachment":[{"href":"https:\/\/folk-peuplesetbeaute.com\/en\/wp-json\/wp\/v2\/media?parent=29352"}],"curies":[{"name":"wp","href":"https:\/\/api.w.org\/{rel}","templated":true}]}}