{"id":323,"date":"2020-04-13T12:16:38","date_gmt":"2020-04-13T10:16:38","guid":{"rendered":"https:\/\/www.cheyennecarronsavons.com\/?page_id=323"},"modified":"2026-03-09T16:09:19","modified_gmt":"2026-03-09T15:09:19","slug":"conditions-generales-dutilisation","status":"publish","type":"page","link":"https:\/\/folk-peuplesetbeaute.com\/en\/conditions-generales-dutilisation\/","title":{"rendered":"Conditions g\u00e9n\u00e9rales d&rsquo;utilisation"},"content":{"rendered":"<p>[et_pb_section fb_built=\u00a0\u00bb1&Prime; _builder_version=\u00a0\u00bb4.16&Prime; global_colors_info=\u00a0\u00bb{}\u00a0\u00bb][et_pb_row _builder_version=\u00a0\u00bb4.16&Prime; global_colors_info=\u00a0\u00bb{}\u00a0\u00bb][et_pb_column type=\u00a0\u00bb4_4&Prime; _builder_version=\u00a0\u00bb4.16&Prime; global_colors_info=\u00a0\u00bb{}\u00a0\u00bb][et_pb_text _builder_version=\u00a0\u00bb4.27.6&Prime; header_text_align=\u00a0\u00bbjustify\u00a0\u00bb text_orientation=\u00a0\u00bbjustified\u00a0\u00bb hover_enabled=\u00a0\u00bb0&Prime; global_colors_info=\u00a0\u00bb{}\u00a0\u00bb text_font_size=\u00a0\u00bb20px\u00a0\u00bb text_line_height=\u00a0\u00bb1.5em\u00a0\u00bb sticky_enabled=\u00a0\u00bb0&Prime;]<\/p>\n<h1 style=\"text-align: justify;\">Conditions g\u00e9n\u00e9rales d\u2019utilisation<\/h1>\n<p>&nbsp;<\/p>\n<p style=\"text-align: justify;\">FOLK PARIS SITE WEB FRAN\u00c7AIS CONDITIONS D\u2019UTILISATION<\/p>\n<p><span><strong>FOLK<\/strong><\/span><\/p>\n<p><span>1 rue Saint-Antoine<\/span><\/p>\n<p><span>26530 LE GRAND SERRE<\/span><\/p>\n<p><span>Soci\u00e9t\u00e9 par actions simplifi\u00e9e (SAS)<\/span><\/p>\n<p><span>Num<\/span><span>\u00e9<\/span><span>ro RCS :<\/span><span>\u00a0<strong>834 763 146 RCS PARIS<\/strong><\/span><\/p>\n<p><span>Num<\/span><span>\u00e9ro de TVA :\u00a0<strong>FR01 834763146<\/strong><\/span><\/p>\n<p><span>E-mail du Service Clients : <strong><a href=\"mailto:cheyennecarron@gmail.com\" target=\"_blank\" rel=\"noopener\">cheyennecarron@gmail.com<\/a><\/strong><\/span><\/p>\n<p><span>T\u00e9l\u00e9phone : <strong>+33<\/strong> <b>6 28 34 06 87<\/b> (du lundi au samedi, de 12h \u00e0 19h, fuseau horaire de Paris)<\/span><\/p>\n<p><span>Directrice de publication : Cheyenne-Marie CARRON<\/span><\/p>\n<p><span>H\u00e9bergeur : O2 Switch<\/span><\/p>\n<p><span><strong>Vous devez avoir 18 ans ou l\u2019\u00e2ge de la majorit\u00e9 dans votre juridiction pour effectuer un achat sur notre site<\/strong><\/span><span>. Si vous avez moins de 18 ans ou l\u2019\u00e2ge de la majorit\u00e9 dans votre juridiction, vous ne pouvez pas effectuer d\u2019achat sur notre site.<\/span><\/p>\n<p><span>\u00a0\u00a0<\/span><\/p>\n<ol>\n<li><span><strong>PRODUITS ET SERVICES R<\/strong><\/span><span><strong>\u00c9<\/strong><\/span><span><strong>SERV<\/strong><\/span><span><strong>\u00c9S \u00c0 L\u2019<\/strong><\/span><span><strong>USAGE PERSONNEL<\/strong><\/span><\/li>\n<\/ol>\n<p><span>Les produits et services disponibles sur le site, ainsi que les \u00e9chantillons que nous pouvons vous fournir, sont uniquement destin\u00e9s \u00e0 un usage personnel. Vous ne pouvez pas vendre ou revendre aucun des produits ou services, ou aucun des \u00e9chantillons de ceux-ci, que vous achetez ou recevez de notre part. Nous nous r\u00e9servons le droit, avec ou sans pr\u00e9<\/span><span>avis, d<\/span><span>\u2019annuler ou de r\u00e9duire la quantit\u00e9 de toute commande \u00e0 satisfaire ou les produits ou services qui vous seront fournis dont nous pensons, \u00e0 notre seule discr\u00e9tion, qu\u2019ils peuvent entra\u00eener une violation de nos Conditions g\u00e9n\u00e9<\/span><span>rales.<\/span><\/p>\n<p><span>\u00a0<\/span><\/p>\n<ol start=\"2\">\n<li><span><strong>EXACTITUDE DES INFORMATIONS<\/strong><\/span><\/li>\n<\/ol>\n<p><span>Nous essayons d\u2019\u00eatre aussi pr\u00e9cis que possible lorsque nous d\u00e9crivons nos produits sur le Site ; cependant, dans la mesure permise par la loi applicable, nous ne garantissons pas que les descriptions, couleurs, informations ou autres contenus disponibles sur le Site soient exacts, complets, fiables, actuels ou exempts d\u2019erreurs.<\/span><\/p>\n<p><span>Ce Site peut contenir des erreurs typographiques ou des inexactitudes et peut ne pas \u00eatre complet ou actuel. Nous nous r\u00e9servons donc le droit de corriger toute erreur, inexactitude ou omission (y compris apr\u00e8s l\u2019envoi d\u2019une commande) et de modifier ou mettre \u00e0 jour les informations \u00e0 tout moment sans pr\u00e9<\/span><span>avis.<\/span><\/p>\n<p><span>\u00a0<\/span><\/p>\n<ol start=\"3\">\n<li><span><strong>PROPRI\u00c9T\u00c9 <\/strong><\/span><span><strong>INTELLECTUELLE<\/strong><\/span><\/li>\n<\/ol>\n<p><span>Toutes les informations et tous les contenus disponibles sur le Site ainsi que l\u2019impression d\u2019ensemble de ce dernier, incluant en cela mais sans s\u2019y limiter les marques de commerce, logos, marques de service, fonctionnalit\u00e9s, fonctions, textes, \u00e9l\u00e9ments graphiques, photographies, ic\u00f4nes de boutons, images, clips audio, compilations de donn\u00e9es et logiciels ainsi que la compilation et l\u2019organisation de tous ces \u00e9l\u00e9ments (collectivement, le \u00ab Contenu \u00bb) sont la propri\u00e9t\u00e9 Cheyenne-Marie Carron Savons ou la propri\u00e9t\u00e9 de ses soci\u00e9t\u00e9s m\u00e8res, filiales, soci\u00e9t\u00e9s affili\u00e9es, partenaires ou conc\u00e9dants de licence et sont prot\u00e9g\u00e9s par les lois des \u00c9tats-Unis et les lois internationales, y compris les lois r\u00e9gissant les droits d\u2019auteur et les marques de commerce. Nos marques et pr\u00e9sentations commerciales ne peuvent \u00ea<\/span><span>tre utilis<\/span><span>\u00e9es de quelque mani\u00e8re que ce soit \u00e0 quelque fin que ce soit sans notre consentement \u00e9crit expr\u00e8<\/span><span>s.<\/span><\/p>\n<p><span>Sauf pour les licences limit\u00e9es \u00e9nonc\u00e9es \u00e0 la section 6 ci-dessous, ou conform\u00e9ment aux lois applicables, ni le Contenu ni aucune partie du Site ne peuvent \u00ea<\/span><span>tre utilis<\/span><span>\u00e9s, reproduits, dupliqu\u00e9<\/span><span>s, copi<\/span><span>\u00e9s, vendus, revendus, consult\u00e9<\/span><span>s, modifi<\/span><span>\u00e9s ou autrement exploit\u00e9s, en tout ou en partie, \u00e0 quelque fin que ce soit, sans notre consentement \u00e9crit expr\u00e8<\/span><span>s.<\/span><\/p>\n<p><span>\u00a0<\/span><\/p>\n<ol start=\"4\">\n<li><span><strong>LIENS TIERS<\/strong><\/span><\/li>\n<\/ol>\n<p><span>Nous ne sommes pas responsables du contenu des sites tiers, m\u00eame s\u2019ils pointent vers ou depuis le Site. Les liens apparaissant sur le Site ne sont fournis qu\u2019\u00e0 titre informatif et ne constituent en aucun cas une approbation de notre part, de nos soci\u00e9t\u00e9s parentes, filiales, affili\u00e9s ou partenaires du contenu, des produits, du service ou du fournisseur r\u00e9f\u00e9renc\u00e9s. Votre utilisation de et l\u2019<\/span><span>acc<\/span><span>\u00e8s \u00e0 ces sites tiers se font \u00e0 vos risques et p\u00e9rils. Nous ne sommes en aucun cas responsables de l\u2019examen ou de l\u2019\u00e9valuation et nous ne garantissons pas les offres des sites internet de tiers ou d\u2019autres sites internet li\u00e9s au Site ou provenant du Site. Nous n\u2019assumons aucune responsabilit\u00e9 pour les actions, le content, les produits ou les services desdits sites internet, y compris, sans limitation, leurs politiques de confidentialit\u00e9 et les conditions g\u00e9n\u00e9rales qui les r\u00e9gissent. Vous devriez examiner attentivement les politiques de confidentialit\u00e9 et les conditions g\u00e9n\u00e9rales des sites internet tiers que vous visitez.<\/span><\/p>\n<p>&nbsp;<\/p>\n<ol start=\"5\">\n<li><span><strong>AVIS D\u2019<\/strong><\/span><span><strong>INFRACTION DES DROITS D<\/strong><\/span><span><strong>\u2019<\/strong><\/span><span><strong>AUTEUR<\/strong><\/span><\/li>\n<\/ol>\n<p><span>Nous respectons la propri\u00e9t\u00e9 intellectuelle d\u2019autrui. Si vous estimez que des mat\u00e9riels prot\u00e9g\u00e9s par le droit d\u2019auteur ont \u00e9t\u00e9 copi\u00e9s d\u2019une fa\u00e7on susceptible de constituer une violation du droit d\u2019auteur, veuillez envoyer un e-mail ou un signalement \u00e9crit \u00e0 notre pr\u00e9pos\u00e9 au signalement de violations en fournissant les \u00e9l\u00e9ments suivants : l\u2019identification de l\u2019\u0153uvre ou des \u0153uvres sous droit d\u2019auteur ayant fait, d\u2019apr\u00e8s vous, l\u2019objet d\u2019une violation avec confirmation que vous \u00eates le titulaire du droit d\u2019auteur ou que vous \u00eates autoris\u00e9(e) \u00e0 agir au nom du titulaire du droit d\u2019auteur ; une description du mat\u00e9riel qui, d\u2019apr\u00e8s vous, porte atteinte et l\u2019emplacement de ce mat\u00e9riel sur le Site ; \u00a0votre adresse, num\u00e9<\/span><span>ro de t<\/span><span>\u00e9l\u00e9phone et adresse e-mail.<\/span><\/p>\n<p><span>Email<\/span><span>\u00a0: <strong><a href=\"mailto:cheyennecarron@gmail.com\" target=\"_blank\" rel=\"noopener\">cheyennecarron@gmail.com<\/a><\/strong><\/span><\/p>\n<p><span>\u00a0<\/span><\/p>\n<ol start=\"6\">\n<li><span><strong>LITIGES<\/strong><\/span><\/li>\n<\/ol>\n<p><span>En ce qui concerne tout litige, toute r\u00e9clamation ou controverse concernant le Site, tous les droits et obligations et toutes les actions envisag\u00e9es par les pr\u00e9sentes Conditions g\u00e9n\u00e9rales seront r\u00e9gis par la l\u00e9gislation fran\u00e7aise, comme si les Conditions g\u00e9n\u00e9rales formaient un contrat enti\u00e8rement conclu et enti\u00e8rement ex\u00e9cut\u00e9 en France.<\/span><\/p>\n<p><span>En cas de r\u00e9clamation concernant votre achat en ligne, vous pouvez nous contacter \u00e0 l\u2019adresse :\u00a0<strong><a href=\"mailto:cheyennecarron@gmail.com\" target=\"_blank\" rel=\"noopener\">cheyennecarron@gmail.com<\/a><\/strong><\/span><span><\/span><\/p>\n<p><span>\u00a0<\/span><\/p>\n<ol start=\"7\">\n<li><span><strong>DISPOSITIONS G<\/strong><\/span><span><strong>\u00c9N\u00c9<\/strong><\/span><span><strong>RALES<\/strong><\/span><\/li>\n<\/ol>\n<p><span>Vous reconnaissez et acceptez que les pr\u00e9sentes Conditions g\u00e9n\u00e9rales constituent l\u2019accord complet et exclusif entre nous concernant votre utilisation du Site, et remplacent et pr\u00e9valent sur toutes les propositions, ententes ou autres communications ant\u00e9rieures.<\/span><\/p>\n<p><span>Nous nous r\u00e9servons le droit (dans la mesure permise par la loi applicable) de modifier les pr\u00e9sentes Conditions g\u00e9n\u00e9rales \u00e0 tout moment en affichant les changements sur le Site et en donnant un avis dudit changement. Toute modification sera effective imm\u00e9diatement apr\u00e8s son affichage sur le site. La Date d\u2019effet de la version actuelle des Conditions g\u00e9n\u00e9rales se trouve en haut de cette page. Votre utilisation continue du Site par la suite constitue votre accord \u00e0 l\u2019ensemble des Conditions g\u00e9n\u00e9rales modifi\u00e9es. Nous pouvons, avec ou sans pr\u00e9<\/span><span>avis, r<\/span><span>\u00e9silier tout droit accord\u00e9 par les pr\u00e9sentes Conditions g\u00e9n\u00e9rales. Vous devez vous conformer imm\u00e9diatement \u00e0 toute r\u00e9siliation ou \u00e0 tout autre avis, y compris, le cas \u00e9ch\u00e9ant, en cessant toute utilisation du Site. Nous nous r\u00e9servons \u00e9galement le droit (dans la mesure permise par la loi applicable) \u00e0 tout moment et de temps en temps de modifier ou d\u2019interrompre, temporairement ou d\u00e9finitivement, le Site (ou une partie de celui-ci).<\/span><\/p>\n<p><span>\u00a0<\/span><span>Si vous avez des questions au sujet des pr\u00e9sentes Conditions g\u00e9n\u00e9rales, veuillez nous envoyer un email \u00e0 l\u2019adresse\u00a0<strong><a href=\"mailto:cheyennecarron@gmail.com\" target=\"_blank\" rel=\"noopener\">cheyennecarron@gmail.com<\/a><\/strong><\/span><span>\u00a0<\/span><span>Droits d\u2019auteur \u00a9\u00a0<\/span><span><strong>Cheyenne-Marie CARRON SAVONS<\/strong><\/span><span>\u00a0Tous droits r\u00e9serv\u00e9s dans le monde.<\/span><span>Droits d\u2019auteur \u00a9\u00a0<strong>Folk<\/strong>\u00a0Tous droits r\u00e9serv\u00e9s dans le monde.<\/span><\/p>\n<p>[\/et_pb_text][\/et_pb_column][\/et_pb_row][\/et_pb_section]<\/p>\n","protected":false},"excerpt":{"rendered":"<p>Conditions g\u00e9n\u00e9rales d\u2019utilisation &nbsp; FOLK PARIS SITE WEB FRAN\u00c7AIS CONDITIONS D\u2019UTILISATION FOLK 1 rue Saint-Antoine 26530 LE GRAND SERRE Soci\u00e9t\u00e9 par actions simplifi\u00e9e (SAS) Num\u00e9ro RCS :\u00a0834 763 146 RCS PARIS Num\u00e9ro de TVA :\u00a0FR01 834763146 E-mail du Service Clients : cheyennecarron@gmail.com T\u00e9l\u00e9phone : +33 6 28 34 06 87 (du lundi au samedi, de [&hellip;]<\/p>\n","protected":false},"author":1,"featured_media":0,"parent":0,"menu_order":0,"comment_status":"closed","ping_status":"closed","template":"","meta":{"_acf_changed":false,"_et_pb_use_builder":"on","_et_pb_old_content":"","_et_gb_content_width":"","footnotes":""},"class_list":["post-323","page","type-page","status-publish","hentry"],"acf":[],"jetpack_shortlink":"https:\/\/wp.me\/PgSzTA-5d","jetpack_sharing_enabled":true,"_links":{"self":[{"href":"https:\/\/folk-peuplesetbeaute.com\/en\/wp-json\/wp\/v2\/pages\/323","targetHints":{"allow":["GET"]}}],"collection":[{"href":"https:\/\/folk-peuplesetbeaute.com\/en\/wp-json\/wp\/v2\/pages"}],"about":[{"href":"https:\/\/folk-peuplesetbeaute.com\/en\/wp-json\/wp\/v2\/types\/page"}],"author":[{"embeddable":true,"href":"https:\/\/folk-peuplesetbeaute.com\/en\/wp-json\/wp\/v2\/users\/1"}],"replies":[{"embeddable":true,"href":"https:\/\/folk-peuplesetbeaute.com\/en\/wp-json\/wp\/v2\/comments?post=323"}],"version-history":[{"count":13,"href":"https:\/\/folk-peuplesetbeaute.com\/en\/wp-json\/wp\/v2\/pages\/323\/revisions"}],"predecessor-version":[{"id":30138,"href":"https:\/\/folk-peuplesetbeaute.com\/en\/wp-json\/wp\/v2\/pages\/323\/revisions\/30138"}],"wp:attachment":[{"href":"https:\/\/folk-peuplesetbeaute.com\/en\/wp-json\/wp\/v2\/media?parent=323"}],"curies":[{"name":"wp","href":"https:\/\/api.w.org\/{rel}","templated":true}]}}