{"id":333,"date":"2020-04-13T12:39:34","date_gmt":"2020-04-13T10:39:34","guid":{"rendered":"https:\/\/www.cheyennecarronsavons.com\/?page_id=333"},"modified":"2026-03-17T22:37:16","modified_gmt":"2026-03-17T21:37:16","slug":"a-propos","status":"publish","type":"page","link":"https:\/\/folk-peuplesetbeaute.com\/en\/a-propos\/","title":{"rendered":"About"},"content":{"rendered":"<p>[et_pb_section fb_built=\u00a0\u00bb1&Prime; _builder_version=\u00a0\u00bb4.16&Prime; global_colors_info=\u00a0\u00bb{}\u00a0\u00bb][et_pb_row _builder_version=\u00a0\u00bb4.16&Prime; global_colors_info=\u00a0\u00bb{}\u00a0\u00bb][et_pb_column type=\u00a0\u00bb4_4&Prime; _builder_version=\u00a0\u00bb4.16&Prime; global_colors_info=\u00a0\u00bb{}\u00a0\u00bb][et_pb_text _builder_version=\u00a0\u00bb4.27.6&Prime; text_font=\u00a0\u00bbCormorant Garamond||||||||\u00a0\u00bb text_font_size=\u00a0\u00bb20px\u00a0\u00bb text_orientation=\u00a0\u00bbjustified\u00a0\u00bb hover_enabled=\u00a0\u00bb0&Prime; inline_fonts=\u00a0\u00bbCormorant Garamond,Sacramento\u00a0\u00bb global_colors_info=\u00a0\u00bb{}\u00a0\u00bb custom_padding=\u00a0\u00bb||4px|||\u00a0\u00bb sticky_enabled=\u00a0\u00bb0&Prime;]FOLK est une soci\u00e9t\u00e9 fran\u00e7aise (SIREN 834 763 146) sp\u00e9cialis\u00e9e dans la cr\u00e9ation de parfums, de cosm\u00e9tiques et d\u2019objets de d\u00e9coration.<br data-start=\"724\" data-end=\"727\" \/>La marque Peuples &amp; Beaut\u00e9 est \u00e9dit\u00e9e par FOLK.<\/p>\n<p><strong>FOLK \u00e9dite \u00e9galement les marques Cheyenne Carron Parfums et Folk Paris.<\/strong><\/p>\n<p>&nbsp;<\/p>\n<p>[\/et_pb_text][\/et_pb_column][\/et_pb_row][\/et_pb_section]<\/p>\n","protected":false},"excerpt":{"rendered":"<p>FOLK est une soci\u00e9t\u00e9 fran\u00e7aise (SIREN 834 763 146) sp\u00e9cialis\u00e9e dans la cr\u00e9ation de parfums, de cosm\u00e9tiques et d\u2019objets de d\u00e9coration.La marque Peuples &amp; Beaut\u00e9 est \u00e9dit\u00e9e par FOLK. FOLK \u00e9dite \u00e9galement les marques Cheyenne Carron Parfums et Folk Paris. &nbsp;<\/p>","protected":false},"author":1,"featured_media":0,"parent":0,"menu_order":0,"comment_status":"closed","ping_status":"closed","template":"","meta":{"_acf_changed":false,"_et_pb_use_builder":"on","_et_pb_old_content":"","_et_gb_content_width":"","footnotes":""},"class_list":["post-333","page","type-page","status-publish","hentry"],"acf":[],"jetpack_shortlink":"https:\/\/wp.me\/PgSzTA-5n","jetpack_sharing_enabled":true,"_links":{"self":[{"href":"https:\/\/folk-peuplesetbeaute.com\/en\/wp-json\/wp\/v2\/pages\/333","targetHints":{"allow":["GET"]}}],"collection":[{"href":"https:\/\/folk-peuplesetbeaute.com\/en\/wp-json\/wp\/v2\/pages"}],"about":[{"href":"https:\/\/folk-peuplesetbeaute.com\/en\/wp-json\/wp\/v2\/types\/page"}],"author":[{"embeddable":true,"href":"https:\/\/folk-peuplesetbeaute.com\/en\/wp-json\/wp\/v2\/users\/1"}],"replies":[{"embeddable":true,"href":"https:\/\/folk-peuplesetbeaute.com\/en\/wp-json\/wp\/v2\/comments?post=333"}],"version-history":[{"count":15,"href":"https:\/\/folk-peuplesetbeaute.com\/en\/wp-json\/wp\/v2\/pages\/333\/revisions"}],"predecessor-version":[{"id":30169,"href":"https:\/\/folk-peuplesetbeaute.com\/en\/wp-json\/wp\/v2\/pages\/333\/revisions\/30169"}],"wp:attachment":[{"href":"https:\/\/folk-peuplesetbeaute.com\/en\/wp-json\/wp\/v2\/media?parent=333"}],"curies":[{"name":"wp","href":"https:\/\/api.w.org\/{rel}","templated":true}]}}