{"id":29471,"date":"2025-10-24T11:17:24","date_gmt":"2025-10-24T09:17:24","guid":{"rendered":"https:\/\/folk-peuplesetbeaute.com\/?post_type=product&#038;p=29471"},"modified":"2026-03-30T00:48:47","modified_gmt":"2026-03-29T22:48:47","slug":"savon-le-quetzal","status":"publish","type":"product","link":"https:\/\/folk-peuplesetbeaute.com\/en\/product\/savon-le-quetzal\/","title":{"rendered":"Savon le Quetzal"},"content":{"rendered":"<p data-start=\"107\" data-end=\"202\">Pour le <strong data-start=\"115\" data-end=\"132\">savon Quetzal<\/strong>, je n\u2019ai eu recours \u00e0 <strong data-start=\"155\" data-end=\"201\">aucun parfum ni \u00e0 aucune huile essentielle<\/strong>.<\/p>\n<p data-start=\"204\" data-end=\"309\">Ce savon contient uniquement des <strong data-start=\"237\" data-end=\"257\">beurres v\u00e9g\u00e9taux<\/strong>, des <strong data-start=\"263\" data-end=\"283\">huiles v\u00e9g\u00e9tales<\/strong> et du <strong data-start=\"290\" data-end=\"308\">charbon activ\u00e9<\/strong>.<\/p>\n<p data-start=\"311\" data-end=\"430\">L\u2019oiseau <strong data-start=\"320\" data-end=\"331\">Quetzal<\/strong> est un symbole majeur pour les Mayas de cette r\u00e9gion, incarnant la libert\u00e9, la beaut\u00e9 et le sacr\u00e9.<\/p>\n<p data-start=\"432\" data-end=\"555\"><strong data-start=\"432\" data-end=\"454\">Qualit\u00e9 biologique<\/strong> \u2014 fabrication \u00e0 froid, <strong data-start=\"478\" data-end=\"501\">sans huile de palme<\/strong>, <strong data-start=\"503\" data-end=\"525\">sans conservateurs<\/strong> ni <strong data-start=\"529\" data-end=\"554\">colorants de synth\u00e8se<\/strong>.<\/p>\n<p data-start=\"557\" data-end=\"648\">Savon naturel, <strong data-start=\"572\" data-end=\"587\">sans parfum<\/strong>, <strong data-start=\"589\" data-end=\"615\">sans huile essentielle<\/strong>, <strong data-start=\"617\" data-end=\"647\">sans tests sur les animaux<\/strong>.<\/p>\n<p data-start=\"650\" data-end=\"688\">Convient \u00e0 <strong data-start=\"661\" data-end=\"687\">tous les types de peau<\/strong>.<\/p>","protected":false},"excerpt":{"rendered":"<p><span data-tt=\"{}\">For the Quetzal soap, I have used no added fragrance or essential oils. <\/span><\/p>\n<p><span data-tt=\"{}\">This soap contains only plant butters, vegetable oils, and activated charcoal. <\/span><\/p>\n<p><span data-tt=\"{}\">The Quetzal bird is a meaningful symbol for the Mayan people of this region. <\/span><\/p>\n<p><span data-tt=\"{}\">Organic quality \u2013 Cold process crafted, free from palm oil, preservatives, and synthetic colourants. <\/span><\/p>\n<p><span data-tt=\"{}\">A natural soap, palm-oil-free and free from artificial additives, enriched with pure plant ingredients, and never tested on animals. <\/span><\/p>\n<p><span data-tt=\"{}\">Suitable for all skin types.<\/span><\/p>","protected":false},"featured_media":29462,"comment_status":"open","ping_status":"closed","template":"","meta":{"_acf_changed":false,"_et_pb_use_builder":"","_et_pb_old_content":"","_et_gb_content_width":""},"product_brand":[],"product_cat":[18],"product_tag":[],"class_list":{"0":"post-29471","1":"product","2":"type-product","3":"status-publish","4":"has-post-thumbnail","6":"product_cat-savons","7":"product_shipping_class-savons","9":"first","10":"instock","11":"taxable","12":"shipping-taxable","13":"purchasable","14":"product-type-simple"},"acf":[],"jetpack_sharing_enabled":true,"_links":{"self":[{"href":"https:\/\/folk-peuplesetbeaute.com\/en\/wp-json\/wp\/v2\/product\/29471","targetHints":{"allow":["GET"]}}],"collection":[{"href":"https:\/\/folk-peuplesetbeaute.com\/en\/wp-json\/wp\/v2\/product"}],"about":[{"href":"https:\/\/folk-peuplesetbeaute.com\/en\/wp-json\/wp\/v2\/types\/product"}],"replies":[{"embeddable":true,"href":"https:\/\/folk-peuplesetbeaute.com\/en\/wp-json\/wp\/v2\/comments?post=29471"}],"wp:featuredmedia":[{"embeddable":true,"href":"https:\/\/folk-peuplesetbeaute.com\/en\/wp-json\/wp\/v2\/media\/29462"}],"wp:attachment":[{"href":"https:\/\/folk-peuplesetbeaute.com\/en\/wp-json\/wp\/v2\/media?parent=29471"}],"wp:term":[{"taxonomy":"product_brand","embeddable":true,"href":"https:\/\/folk-peuplesetbeaute.com\/en\/wp-json\/wp\/v2\/product_brand?post=29471"},{"taxonomy":"product_cat","embeddable":true,"href":"https:\/\/folk-peuplesetbeaute.com\/en\/wp-json\/wp\/v2\/product_cat?post=29471"},{"taxonomy":"product_tag","embeddable":true,"href":"https:\/\/folk-peuplesetbeaute.com\/en\/wp-json\/wp\/v2\/product_tag?post=29471"}],"curies":[{"name":"wp","href":"https:\/\/api.w.org\/{rel}","templated":true}]}}