{"id":29742,"date":"2025-11-25T18:13:28","date_gmt":"2025-11-25T17:13:28","guid":{"rendered":"https:\/\/folk-peuplesetbeaute.com\/?post_type=product&#038;p=29742"},"modified":"2026-03-30T00:42:21","modified_gmt":"2026-03-29T22:42:21","slug":"baume-berbere","status":"publish","type":"product","link":"https:\/\/folk-peuplesetbeaute.com\/en\/product\/baume-berbere\/","title":{"rendered":"Baume Mystique Berb\u00e8re"},"content":{"rendered":"<p style=\"text-align: center;\" data-start=\"0\" data-end=\"140\">Beurre de karit\u00e9 \u2013 cire d\u2019abeille \u2013 huile de roucou \u2013 huile d\u2019argan \u2013 huile de yerba mat\u00e9 \u2013 huile d\u2019h\u00e9lichryse (immortelle) mac\u00e9r\u00e9e \u2013 miel<\/p>\n<div class=\"video-wrapper\"><iframe title=\"YouTube video player\" src=\"https:\/\/www.youtube-nocookie.com\/embed\/wc9c5RW08Ns?rel=0&amp;modestbranding=1\" frameborder=\"0\" allowfullscreen=\"allowfullscreen\"><span data-mce-type=\"bookmark\" style=\"display: inline-block; width: 0px; overflow: hidden; line-height: 0;\" class=\"mce_SELRES_start\"><\/span><br \/>\n<\/iframe><\/div>\n<p style=\"margin-top: 30px; text-align: center;\" data-start=\"142\" data-end=\"204\"><strong data-start=\"142\" data-end=\"176\">Nutrition \u2022 Protection \u2022 \u00c9clat<\/strong><br data-start=\"176\" data-end=\"179\" \/><strong data-start=\"179\" data-end=\"204\">100 % naturel \u2013 50 ml<\/strong><\/p>\n<p class=\"p4\" style=\"text-align: center;\"><b><img data-recalc-dims=\"1\" loading=\"lazy\" decoding=\"async\" class=\"alignnone wp-image-29784\" src=\"https:\/\/i0.wp.com\/folk-peuplesetbeaute.com\/wp-content\/uploads\/2025\/11\/FEMME-BERBERE-4-scaled.jpg?resize=215%2C322&#038;ssl=1\" alt=\"\" width=\"215\" height=\"322\" \/><\/b><b><\/b><\/p>\n<h2 data-start=\"206\" data-end=\"269\"><\/h2>\n<h1 data-start=\"743\" data-end=\"798\">\u2714 Hydratation intense<br \/>\n\u2714 Apaise les peaux s\u00e8ches<br \/>\n\u2714 \u00c9clat naturel imm\u00e9diat<br \/>\n\u2714 100% ingr\u00e9dients naturels<br \/>\n\u2714 Convient visage, corps, cheveux<\/h1>\n<p>&nbsp;<\/p>\n<h2 style=\"text-align: left;\" data-start=\"206\" data-end=\"269\"><strong data-start=\"206\" data-end=\"269\" data-is-last-node=\"\">BAUME BERB\u00c8RE \u2014 L\u00e0 o\u00f9 la peau retrouve sa force ancestrale.<\/strong><\/h2>\n<p data-start=\"0\" data-end=\"46\"><strong data-start=\"0\" data-end=\"46\">H\u00e9ritage \u2013 Protection \u2013 Lumi\u00e8re int\u00e9rieure<\/strong><\/p>\n<p data-start=\"48\" data-end=\"196\">Inspir\u00e9 des rituels de beaut\u00e9 ancestraux des femmes berb\u00e8res, ce baume riche et sensoriel puise sa force dans neuf ingr\u00e9dients naturels d\u2019exception.<\/p>\n<p data-start=\"198\" data-end=\"536\">Depuis des si\u00e8cles, les femmes d\u2019Afrique du Nord utilisent ces mati\u00e8res pr\u00e9cieuses pour nourrir leur peau, la prot\u00e9ger du soleil et du vent, pr\u00e9server sa souplesse et maintenir sa beaut\u00e9 dans les environnements les plus exigeants.<br data-start=\"428\" data-end=\"431\" \/>Ce baume prolonge cette tradition, en alliant la sagesse ancienne aux exigences modernes du soin naturel.<\/p>\n<p data-start=\"538\" data-end=\"868\">Polyvalent et 100 % naturel, il s\u2019utilise selon vos besoins : en soin nourrissant pour le visage, baume pour le corps, masque capillaire, soin apr\u00e8s-rasage, d\u00e9maquillant fondant, baume apaisant pour les l\u00e8vres ou soin fortifiant pour les ongles.<br data-start=\"783\" data-end=\"786\" \/>Sa texture fondante enveloppe la peau d\u2019un confort imm\u00e9diat et d\u2019un \u00e9clat naturel.<\/p>\n<p data-start=\"870\" data-end=\"952\">Offrez \u00e0 votre peau un rituel inspir\u00e9, riche de sens, de nature et d\u2019authenticit\u00e9.<\/p>\n<p style=\"text-align: center;\" data-start=\"954\" data-end=\"981\" data-is-last-node=\"\" data-is-only-node=\"\"><strong data-start=\"954\" data-end=\"981\" data-is-last-node=\"\">LA BEAUT\u00c9 A UNE M\u00c9MOIRE<\/strong><\/p>\n<p data-start=\"0\" data-end=\"13\"><strong data-start=\"0\" data-end=\"13\">BIENFAITS<\/strong><\/p>\n<p data-start=\"15\" data-end=\"335\">Nourrit intens\u00e9ment et aide \u00e0 pr\u00e9server l\u2019hydratation<br data-start=\"68\" data-end=\"71\" \/>Apaise les zones s\u00e8ches ou fragiles<br data-start=\"106\" data-end=\"109\" data-is-only-node=\"\" \/>Adoucit, lisse et am\u00e9liore le confort de la peau<br data-start=\"157\" data-end=\"160\" \/>Apporte un \u00e9clat naturel, chaud et lumineux<br data-start=\"203\" data-end=\"206\" \/>Prot\u00e8ge la peau du vent, du soleil et de la d\u00e9shydratation<br data-start=\"264\" data-end=\"267\" \/>Parfait pour le visage, le corps, les mains, les cheveux et la barbe<\/p>\n<p style=\"text-align: center;\" data-start=\"337\" data-end=\"448\" data-is-last-node=\"\" data-is-only-node=\"\">\u201c <strong data-start=\"339\" data-end=\"446\">UNE INVITATION \u00c0 SE RECONNECTER AUX TRADITIONS DU MONDE<br data-start=\"396\" data-end=\"399\" \/>ET \u00c0 C\u00c9L\u00c9BRER LA BEAUT\u00c9 DANS SA TRANSMISSION.<\/strong> \u00bb<\/p>\n<p><img data-recalc-dims=\"1\" loading=\"lazy\" decoding=\"async\" class=\"wp-image-29782 aligncenter\" src=\"https:\/\/i0.wp.com\/folk-peuplesetbeaute.com\/wp-content\/uploads\/2025\/11\/FEMME-BERBERE-2.jpg?resize=256%2C352&#038;ssl=1\" alt=\"\" width=\"256\" height=\"352\" \/><\/p>\n<p data-start=\"0\" data-end=\"17\"><strong data-start=\"0\" data-end=\"17\">INGR\u00c9DIENTS :<\/strong><\/p>\n<p data-start=\"19\" data-end=\"277\"><strong data-start=\"19\" data-end=\"39\">Beurre de mangue<\/strong><br data-start=\"39\" data-end=\"42\" \/>Riche et soyeux, il nourrit la peau tout en laissant un toucher doux et non gras.<br data-start=\"123\" data-end=\"126\" \/>Protecteur, il aide \u00e0 renforcer la barri\u00e8re cutan\u00e9e et \u00e0 maintenir l\u2019hydratation.<br data-start=\"207\" data-end=\"210\" \/>Id\u00e9al pour apporter aux baumes une texture fondante et confortable.<\/p>\n<p data-start=\"279\" data-end=\"562\"><strong data-start=\"279\" data-end=\"303\">Cire d\u2019abeille jaune<\/strong><br data-start=\"303\" data-end=\"306\" \/>Naturellement protectrice, elle forme un voile qui limite l\u2019\u00e9vaporation de l\u2019eau.<br data-start=\"387\" data-end=\"390\" \/>Elle adoucit la peau tout en offrant une barri\u00e8re douce contre les agressions ext\u00e9rieures.<br data-start=\"480\" data-end=\"483\" \/>Essentielle pour apporter structure, tenue et chaleur aux baumes traditionnels.<\/p>\n<p data-start=\"564\" data-end=\"813\"><strong data-start=\"564\" data-end=\"583\">Huile de roucou<\/strong><br data-start=\"583\" data-end=\"586\" \/>Exceptionnellement riche en carot\u00e9no\u00efdes, elle apporte un effet bonne mine naturel.<br data-start=\"669\" data-end=\"672\" \/>Riche en antioxydants, elle aide \u00e0 prot\u00e9ger la peau du stress environnemental.<br data-start=\"750\" data-end=\"753\" \/>Illumine le teint et apporte une subtile touche de vitalit\u00e9.<\/p>\n<p data-start=\"815\" data-end=\"1064\"><strong data-start=\"815\" data-end=\"832\">Huile d\u2019argan<\/strong><br data-start=\"832\" data-end=\"835\" \/>R\u00e9paratrice et assouplissante, elle am\u00e9liore l\u2019\u00e9lasticit\u00e9 et le confort de la peau.<br data-start=\"918\" data-end=\"921\" \/>Riche en acides gras essentiels, elle nourrit en profondeur sans alourdir la peau.<br data-start=\"1003\" data-end=\"1006\" \/>Parfaite pour revitaliser les peaux s\u00e8ches ou fragilis\u00e9es.<\/p>\n<p data-start=\"1066\" data-end=\"1324\"><strong data-start=\"1066\" data-end=\"1089\">Huile de yerba mat\u00e9<\/strong><br data-start=\"1089\" data-end=\"1092\" \/>Tonifiante et \u00e9nergisante, elle stimule la microcirculation et ravive l\u2019\u00e9clat.<br data-start=\"1170\" data-end=\"1173\" \/>Riche en antioxydants, elle prot\u00e8ge la peau et l\u2019aide \u00e0 retrouver vitalit\u00e9 et lumi\u00e8re.<br data-start=\"1259\" data-end=\"1262\" \/>Un v\u00e9ritable boost naturel pour les teints ternes ou fatigu\u00e9s.<\/p>\n<p data-start=\"1326\" data-end=\"1597\"><strong data-start=\"1326\" data-end=\"1369\">Huile d\u2019h\u00e9lichryse (immortelle) mac\u00e9r\u00e9e<\/strong><br data-start=\"1369\" data-end=\"1372\" \/>Apaisante et anti-rougeurs, elle calme les inconforts et unifie le teint.<br data-start=\"1445\" data-end=\"1448\" \/>Revitalisante, elle soutient les processus naturels de r\u00e9g\u00e9n\u00e9ration cutan\u00e9e.<br data-start=\"1524\" data-end=\"1527\" \/>Id\u00e9ale pour les peaux sensibles, marqu\u00e9es ou sujettes aux irritations.<\/p>\n<p data-start=\"1599\" data-end=\"1809\"><strong data-start=\"1599\" data-end=\"1607\">Miel<\/strong><br data-start=\"1607\" data-end=\"1610\" \/>Humectant naturel, il aide \u00e0 maintenir l\u2019hydratation et adoucit la peau.<br data-start=\"1682\" data-end=\"1685\" \/>Riche en nutriments, il apporte confort, souplesse et protection.<br data-start=\"1750\" data-end=\"1753\" \/>Laisse la peau douce, lumineuse et d\u00e9licatement nourrie.<\/p>\n<p style=\"text-align: center;\" data-start=\"1811\" data-end=\"1891\" data-is-last-node=\"\" data-is-only-node=\"\">\u201c <strong data-start=\"1813\" data-end=\"1889\">CHAQUE BAUME RACONTE L\u2019HISTOIRE D\u2019UN PEUPLE, D\u2019UNE TERRE, D\u2019UNE M\u00c9MOIRE.<\/strong> \u00bb<\/p>\n<p class=\"p27\" style=\"text-align: center;\"><b><img data-recalc-dims=\"1\" loading=\"lazy\" decoding=\"async\" class=\"alignnone wp-image-29783\" src=\"https:\/\/i0.wp.com\/folk-peuplesetbeaute.com\/wp-content\/uploads\/2025\/11\/FEMME-BERBERE-3.jpg?resize=275%2C308&#038;ssl=1\" alt=\"\" width=\"275\" height=\"308\" \/><\/b><\/p>\n<p data-start=\"0\" data-end=\"36\"><strong data-start=\"0\" data-end=\"36\">L\u2019ESPRIT FOLK \u2014 PEOPLES &amp; BEAUTY<\/strong><\/p>\n<p data-start=\"38\" data-end=\"274\">Chaque baume FOLK est une rencontre \u2014 un geste de beaut\u00e9 enracin\u00e9, inspir\u00e9 des traditions, des mati\u00e8res et des rituels des peuples du monde.<br data-start=\"178\" data-end=\"181\" \/>Le <strong data-start=\"184\" data-end=\"210\">Baume Mystique Berb\u00e8re<\/strong> s\u2019inscrit dans cette lign\u00e9e : g\u00e9n\u00e9reux, vibrant et authentique.<\/p>\n<p data-start=\"276\" data-end=\"302\"><strong data-start=\"276\" data-end=\"302\">CONSEILS D\u2019UTILISATION<\/strong><\/p>\n<p data-start=\"304\" data-end=\"381\">Pr\u00e9levez une petite quantit\u00e9, r\u00e9chauffez-la entre les mains, puis appliquez :<\/p>\n<ul data-start=\"383\" data-end=\"605\">\n<li data-start=\"383\" data-end=\"423\">\n<p data-start=\"385\" data-end=\"423\">sur le visage par de l\u00e9gers massages<\/p>\n<\/li>\n<li data-start=\"424\" data-end=\"464\">\n<p data-start=\"426\" data-end=\"464\">sur le corps pour nourrir et adoucir<\/p>\n<\/li>\n<li data-start=\"465\" data-end=\"513\">\n<p data-start=\"467\" data-end=\"513\">sur les zones s\u00e8ches (coudes, mains, talons)<\/p>\n<\/li>\n<li data-start=\"514\" data-end=\"556\">\n<p data-start=\"516\" data-end=\"556\">comme baume capillaire sur les pointes<\/p>\n<\/li>\n<li data-start=\"557\" data-end=\"605\">\n<p data-start=\"559\" data-end=\"605\">comme soin de la barbe ou baume apr\u00e8s-rasage<\/p>\n<\/li>\n<\/ul>\n<p data-start=\"607\" data-end=\"655\" data-is-last-node=\"\" data-is-only-node=\"\">\u00c0 utiliser quotidiennement ou selon les besoins.<\/p>\n<p data-start=\"0\" data-end=\"15\"><strong data-start=\"0\" data-end=\"15\">PR\u00c9CAUTIONS<\/strong><\/p>\n<p data-start=\"0\" data-end=\"15\">Usage externe uniquement.<br data-start=\"42\" data-end=\"45\" \/>\u00c9viter le contact avec les yeux.<br data-start=\"77\" data-end=\"80\" \/>Conserver \u00e0 l\u2019abri de la chaleur.<br data-start=\"113\" data-end=\"116\" \/>Convient \u00e0 tous les types de peau.<br data-start=\"150\" data-end=\"153\" \/>Un test dermatologique est recommand\u00e9 pour les peaux tr\u00e8s sensibles.<\/p>\n<p data-start=\"223\" data-end=\"373\"><strong data-start=\"223\" data-end=\"241\">Conservation :<\/strong><br data-start=\"241\" data-end=\"244\" \/>\u00c0 conserver \u00e0 temp\u00e9rature ambiante, \u00e0 l\u2019abri de la lumi\u00e8re et de l\u2019humidit\u00e9.<br data-start=\"320\" data-end=\"323\" \/>Dur\u00e9e d\u2019utilisation apr\u00e8s ouverture : <strong data-start=\"361\" data-end=\"372\">12 mois<\/strong>.<\/p>\n<p data-start=\"375\" data-end=\"439\"><strong data-start=\"375\" data-end=\"397\">Mentions l\u00e9gales :<\/strong><br data-start=\"397\" data-end=\"400\" \/>Cosm\u00e9tique naturel. Fabriqu\u00e9 en France.<\/p>\n<p data-start=\"441\" data-end=\"625\" data-is-last-node=\"\" data-is-only-node=\"\"><strong data-start=\"441\" data-end=\"451\">INCI :<\/strong><br data-start=\"451\" data-end=\"454\" \/><em data-start=\"454\" data-end=\"472\">Mangifera Indica<\/em> Seed Butter, Cera Alba, <em data-start=\"497\" data-end=\"512\">Bixa Orellana<\/em> Seed Oil, <em data-start=\"523\" data-end=\"540\">Argania Spinosa<\/em> Kernel Oil, <em data-start=\"553\" data-end=\"574\">Ilex Paraguariensis<\/em> Leaf Extract, <em data-start=\"589\" data-end=\"611\">Helichrysum Italicum<\/em> Extract, Mel.<\/p>\n<p><img data-recalc-dims=\"1\" loading=\"lazy\" decoding=\"async\" class=\"wp-image-29799 aligncenter\" src=\"https:\/\/i0.wp.com\/folk-peuplesetbeaute.com\/wp-content\/uploads\/2025\/11\/BEURRE-DE-KARITE-scaled.jpg?resize=230%2C345&#038;ssl=1\" alt=\"\" width=\"230\" height=\"345\" \/><\/p>","protected":false},"excerpt":{"rendered":"<p>Baume nourrissant intense \u2013 visage, corps &amp; cheveux<br \/>\n100% naturel \u2013 nourrit, prot\u00e8ge et illumine la peau<\/p>\n<h2 data-start=\"347\" data-end=\"363\"><strong>\u2714 Livraison rapide (48h)<\/strong><br \/>\n<strong>\u2714 Paiement s\u00e9curis\u00e9<\/strong><br \/>\n<strong>\u2714 Exp\u00e9di\u00e9 depuis la France<\/strong><\/h2>","protected":false},"featured_media":29871,"comment_status":"open","ping_status":"closed","template":"","meta":{"_acf_changed":false,"_et_pb_use_builder":"","_et_pb_old_content":"","_et_gb_content_width":""},"product_brand":[],"product_cat":[77],"product_tag":[],"class_list":{"0":"post-29742","1":"product","2":"type-product","3":"status-publish","4":"has-post-thumbnail","6":"product_cat-cremes-baumes","7":"product_shipping_class-baumes-et-cremes","9":"first","10":"instock","11":"taxable","12":"shipping-taxable","13":"purchasable","14":"product-type-simple"},"acf":[],"jetpack_sharing_enabled":true,"_links":{"self":[{"href":"https:\/\/folk-peuplesetbeaute.com\/en\/wp-json\/wp\/v2\/product\/29742","targetHints":{"allow":["GET"]}}],"collection":[{"href":"https:\/\/folk-peuplesetbeaute.com\/en\/wp-json\/wp\/v2\/product"}],"about":[{"href":"https:\/\/folk-peuplesetbeaute.com\/en\/wp-json\/wp\/v2\/types\/product"}],"replies":[{"embeddable":true,"href":"https:\/\/folk-peuplesetbeaute.com\/en\/wp-json\/wp\/v2\/comments?post=29742"}],"wp:featuredmedia":[{"embeddable":true,"href":"https:\/\/folk-peuplesetbeaute.com\/en\/wp-json\/wp\/v2\/media\/29871"}],"wp:attachment":[{"href":"https:\/\/folk-peuplesetbeaute.com\/en\/wp-json\/wp\/v2\/media?parent=29742"}],"wp:term":[{"taxonomy":"product_brand","embeddable":true,"href":"https:\/\/folk-peuplesetbeaute.com\/en\/wp-json\/wp\/v2\/product_brand?post=29742"},{"taxonomy":"product_cat","embeddable":true,"href":"https:\/\/folk-peuplesetbeaute.com\/en\/wp-json\/wp\/v2\/product_cat?post=29742"},{"taxonomy":"product_tag","embeddable":true,"href":"https:\/\/folk-peuplesetbeaute.com\/en\/wp-json\/wp\/v2\/product_tag?post=29742"}],"curies":[{"name":"wp","href":"https:\/\/api.w.org\/{rel}","templated":true}]}}