{"id":29743,"date":"2025-11-25T18:13:52","date_gmt":"2025-11-25T17:13:52","guid":{"rendered":"https:\/\/folk-peuplesetbeaute.com\/?post_type=product&#038;p=29743"},"modified":"2026-03-29T20:54:51","modified_gmt":"2026-03-29T18:54:51","slug":"baume-athenien","status":"publish","type":"product","link":"https:\/\/folk-peuplesetbeaute.com\/en\/product\/baume-athenien\/","title":{"rendered":"Baume Mystique Ath\u00e9nien"},"content":{"rendered":"<p style=\"text-align: center;\" data-start=\"0\" data-end=\"176\">Beurre de grenade \u2013 beurre de figue \u2013 huile d\u2019olive \u2013 huile de jojoba \u2013 huile v\u00e9g\u00e9tale de ma\u00efs \u2013 beurre de mangue \u2013 cire d\u2019abeille jaune \u2013 huile de thym \u2013 extrait de propolis<\/p>\n<p style=\"text-align: center;\" data-start=\"178\" data-end=\"240\" data-is-last-node=\"\" data-is-only-node=\"\"><strong data-start=\"178\" data-end=\"212\">Nutrition \u2022 Protection \u2022 \u00c9clat<\/strong><br data-start=\"212\" data-end=\"215\" \/><strong data-start=\"215\" data-end=\"240\" data-is-last-node=\"\">100 % naturel \u2013 50 ml<\/strong><\/p>\n<p style=\"text-align: center;\"><img data-recalc-dims=\"1\" loading=\"lazy\" decoding=\"async\" class=\"alignnone wp-image-29778\" src=\"https:\/\/i0.wp.com\/folk-peuplesetbeaute.com\/wp-content\/uploads\/2025\/11\/FEMME-GREQUE-2.jpg?resize=189%2C351&#038;ssl=1\" alt=\"\" width=\"189\" height=\"351\" \/><\/p>\n<h2 data-start=\"0\" data-end=\"68\"><\/h2>\n<h1 data-start=\"743\" data-end=\"798\">\u2714 Hydratation intense<br \/>\n\u2714 Apaise les peaux s\u00e8ches<br \/>\n\u2714 \u00c9clat naturel imm\u00e9diat<br \/>\n\u2714 100% ingr\u00e9dients naturels<br \/>\n\u2714 Convient visage, corps, cheveux<\/h1>\n<h2 data-start=\"0\" data-end=\"68\"><\/h2>\n<h2 data-start=\"0\" data-end=\"68\"><strong data-start=\"0\" data-end=\"68\">BAUME ATH\u00c9NIEN \u2014 H\u00e9ritier de la sagesse et de la beaut\u00e9 antiques<\/strong><\/h2>\n<p data-start=\"70\" data-end=\"493\">Inspir\u00e9 des rituels de beaut\u00e9 intemporels des femmes grecques, ce baume riche et d\u00e9licat r\u00e9unit des ingr\u00e9dients naturels aux vertus ancestrales.<br data-start=\"214\" data-end=\"217\" \/>V\u00e9ritable \u00e9lixir multi-usages pour la peau et les cheveux, il peut \u00eatre utilis\u00e9 comme d\u00e9maquillant doux, masque nourrissant pour le visage et le corps, soin r\u00e9parateur pour les cheveux, baume apaisant pour les l\u00e8vres et les ongles, ou encore comme baume de massage r\u00e9g\u00e9n\u00e9rant.<\/p>\n<p data-start=\"495\" data-end=\"818\">Les femmes grecques, gardiennes de secrets de beaut\u00e9 mill\u00e9naires, utilisent depuis toujours l\u2019huile d\u2019olive, le miel et le yaourt pour hydrater, nourrir et pr\u00e9server l\u2019\u00e9lasticit\u00e9 de la peau.<br data-start=\"685\" data-end=\"688\" \/>Inspir\u00e9 de ces traditions, ce baume offre un soin pur et raffin\u00e9, alliant la sagesse ancienne aux bienfaits modernes de la nature.<\/p>\n<p data-start=\"820\" data-end=\"905\">Red\u00e9couvrez le luxe d\u2019un soin naturel, h\u00e9rit\u00e9 des plus belles traditions de la Gr\u00e8ce.<\/p>\n<p style=\"text-align: center;\" data-start=\"907\" data-end=\"934\" data-is-last-node=\"\" data-is-only-node=\"\"><strong data-start=\"907\" data-end=\"934\" data-is-last-node=\"\">LA BEAUT\u00c9 A UNE M\u00c9MOIRE<\/strong><\/p>\n<p data-start=\"0\" data-end=\"13\"><strong data-start=\"0\" data-end=\"13\">BIENFAITS<\/strong><\/p>\n<p data-start=\"15\" data-end=\"335\">Nourrit intens\u00e9ment et aide \u00e0 pr\u00e9server l\u2019hydratation<br data-start=\"68\" data-end=\"71\" \/>Apaise les zones s\u00e8ches ou fragiles<br data-start=\"106\" data-end=\"109\" data-is-only-node=\"\" \/>Adoucit, lisse et am\u00e9liore le confort de la peau<br data-start=\"157\" data-end=\"160\" \/>Apporte un \u00e9clat naturel, chaud et lumineux<br data-start=\"203\" data-end=\"206\" \/>Prot\u00e8ge la peau du vent, du soleil et de la d\u00e9shydratation<br data-start=\"264\" data-end=\"267\" \/>Parfait pour le visage, le corps, les mains, les cheveux et la barbe<\/p>\n<p style=\"text-align: center;\" data-start=\"337\" data-end=\"448\" data-is-last-node=\"\" data-is-only-node=\"\">\u201c <strong data-start=\"339\" data-end=\"446\">UNE INVITATION \u00c0 SE RECONNECTER AUX TRADITIONS DU MONDE<br data-start=\"396\" data-end=\"399\" \/>ET \u00c0 C\u00c9L\u00c9BRER LA BEAUT\u00c9 DANS SA TRANSMISSION.<\/strong> \u00bb<\/p>\n<p style=\"text-align: center;\"><img data-recalc-dims=\"1\" loading=\"lazy\" decoding=\"async\" class=\"alignnone wp-image-29779\" src=\"https:\/\/i0.wp.com\/folk-peuplesetbeaute.com\/wp-content\/uploads\/2025\/11\/FEMME-GREQUE.jpg?resize=258%2C341&#038;ssl=1\" alt=\"\" width=\"258\" height=\"341\" \/><\/p>\n<p data-start=\"0\" data-end=\"15\"><strong data-start=\"0\" data-end=\"15\">INGR\u00c9DIENTS<\/strong><\/p>\n<p data-start=\"17\" data-end=\"276\"><strong data-start=\"17\" data-end=\"38\">Beurre de grenade<\/strong> (<em data-start=\"40\" data-end=\"70\">r\u00e9gion du P\u00e9loponn\u00e8se, Gr\u00e8ce<\/em>)<br data-start=\"71\" data-end=\"74\" \/>Tr\u00e8s riche en antioxydants, il aide \u00e0 lutter contre les radicaux libres responsables du vieillissement cutan\u00e9.<br data-start=\"184\" data-end=\"187\" \/>Il soutient la r\u00e9g\u00e9n\u00e9ration cellulaire et am\u00e9liore la fermet\u00e9 et l\u2019\u00e9lasticit\u00e9 de la peau.<\/p>\n<p data-start=\"278\" data-end=\"505\"><strong data-start=\"278\" data-end=\"297\">Beurre de figue<\/strong> (<em data-start=\"299\" data-end=\"323\">Mess\u00e9nie \u2013 P\u00e9loponn\u00e8se<\/em>)<br data-start=\"324\" data-end=\"327\" \/>Riche en vitamines et en polyph\u00e9nols, il aide \u00e0 prot\u00e9ger la peau des agressions ext\u00e9rieures et du vieillissement pr\u00e9matur\u00e9.<br data-start=\"450\" data-end=\"453\" \/>Id\u00e9al pour sublimer l\u2019\u00e9clat et la vitalit\u00e9 du teint.<\/p>\n<p data-start=\"507\" data-end=\"747\"><strong data-start=\"507\" data-end=\"524\">Huile d\u2019olive<\/strong> (<em data-start=\"526\" data-end=\"550\">Kalamata \u2013 P\u00e9loponn\u00e8se<\/em>)<br data-start=\"551\" data-end=\"554\" \/>Nourrissante et protectrice, elle renforce la barri\u00e8re cutan\u00e9e et apaise les peaux s\u00e8ches ou irrit\u00e9es.<br data-start=\"656\" data-end=\"659\" \/>Riche en antioxydants, elle aide \u00e0 pr\u00e9server la souplesse et l\u2019\u00e9clat naturel de la peau.<\/p>\n<p data-start=\"507\" data-end=\"747\"><strong data-start=\"749\" data-end=\"768\">Huile de jojoba<\/strong> (<em data-start=\"770\" data-end=\"798\">Cr\u00e8te \u2013 r\u00e9gion d\u2019H\u00e9raklion<\/em>)<br data-start=\"799\" data-end=\"802\" \/>\u00c9quilibrante et r\u00e9gulatrice, elle mime le s\u00e9bum naturel de la peau et convient \u00e0 tous les types de peau.<br data-start=\"906\" data-end=\"909\" \/>Elle hydrate sans laisser de film gras et contribue \u00e0 maintenir une peau douce, nette et harmonieuse.<\/p>\n<p data-start=\"0\" data-end=\"329\"><strong data-start=\"0\" data-end=\"26\">Huile v\u00e9g\u00e9tale de ma\u00efs<\/strong> (<em data-start=\"28\" data-end=\"146\">Thessalie \u2014 plaine de Larissa, plus grande r\u00e9gion agricole de Gr\u00e8ce, r\u00e9put\u00e9e pour la culture des c\u00e9r\u00e9ales et du ma\u00efs<\/em>)<br data-start=\"147\" data-end=\"150\" \/>Riche en acides gras essentiels et en vitamine E, elle adoucit la peau et aide \u00e0 maintenir l\u2019hydratation.<br data-start=\"255\" data-end=\"258\" \/>Parfaite pour apporter confort et souplesse aux formules nourrissantes.<\/p>\n<p data-start=\"331\" data-end=\"542\"><strong data-start=\"331\" data-end=\"351\">Beurre de mangue<\/strong> (<em data-start=\"353\" data-end=\"381\">Cr\u00e8te \u2014 r\u00e9gion de La Can\u00e9e<\/em>)<br data-start=\"382\" data-end=\"385\" \/>L\u00e9ger et soyeux, il nourrit la peau sans laisser de film gras.<br data-start=\"447\" data-end=\"450\" \/>Il apporte douceur et \u00e9lasticit\u00e9 et aide \u00e0 renforcer la protection contre la d\u00e9shydratation.<\/p>\n<p data-start=\"544\" data-end=\"842\"><strong data-start=\"544\" data-end=\"568\">Cire d\u2019abeille jaune<\/strong> (<em data-start=\"570\" data-end=\"675\">Mont Olympe \u2014 Pi\u00e9rie, r\u00e9gion montagneuse r\u00e9put\u00e9e pour la qualit\u00e9 de son miel et ses traditions apicoles<\/em>)<br data-start=\"676\" data-end=\"679\" \/>Protectrice et filmog\u00e8ne, elle scelle l\u2019hydratation et cr\u00e9e une barri\u00e8re naturelle contre les agressions ext\u00e9rieures.<br data-start=\"796\" data-end=\"799\" \/>Elle apporte structure et tenue aux baumes.<\/p>\n<p data-start=\"544\" data-end=\"842\"><strong data-start=\"844\" data-end=\"861\">Huile de thym<\/strong> (<em data-start=\"863\" data-end=\"901\">Cyclades \u2014 \u00eeles de Naxos ou de Tinos<\/em>)<br data-start=\"902\" data-end=\"905\" \/>Purifiante et tonifiante, elle aide \u00e0 clarifier la peau et \u00e0 stimuler son \u00e9clat.<br data-start=\"985\" data-end=\"988\" \/>Son action revitalisante en fait une excellente alli\u00e9e des peaux fatigu\u00e9es ou ternes (\u00e0 utiliser \u00e0 faible concentration).<\/p>\n<p data-start=\"1111\" data-end=\"1362\"><strong data-start=\"1111\" data-end=\"1134\">Extrait de propolis<\/strong> (<em data-start=\"1136\" data-end=\"1174\">\u00c9pire \u2014 r\u00e9gion montagneuse du Zagori<\/em>)<br data-start=\"1175\" data-end=\"1178\" \/>R\u00e9parateur et apaisant, il aide \u00e0 purifier et \u00e0 r\u00e9g\u00e9n\u00e9rer la peau.<br data-start=\"1244\" data-end=\"1247\" \/>Sa forte teneur en flavono\u00efdes en fait un excellent antioxydant naturel, id\u00e9al pour les peaux sensibles ou ab\u00eem\u00e9es.<\/p>\n<p data-start=\"1364\" data-end=\"1640\"><strong data-start=\"1364\" data-end=\"1391\">Vitamine E (tocoph\u00e9rol)<\/strong><br data-start=\"1391\" data-end=\"1394\" \/>Puissant antioxydant, elle prot\u00e8ge les huiles de l\u2019oxydation et aide \u00e0 pr\u00e9venir le vieillissement pr\u00e9matur\u00e9 de la peau.<br data-start=\"1513\" data-end=\"1516\" \/>Elle renforce la barri\u00e8re cutan\u00e9e et am\u00e9liore l\u2019\u00e9lasticit\u00e9 de la peau.<br data-start=\"1586\" data-end=\"1589\" \/>Essentielle dans les soins protecteurs et anti-\u00e2ge.<\/p>\n<p data-start=\"1642\" data-end=\"1973\"><strong data-start=\"1642\" data-end=\"1665\">Extrait de propolis<\/strong> (<em data-start=\"1667\" data-end=\"1705\">\u00c9pire \u2014 r\u00e9gion montagneuse du Zagori<\/em>)<br data-start=\"1706\" data-end=\"1709\" \/>Purifiant, r\u00e9parateur et apaisant, il aide \u00e0 assainir les peaux sujettes aux imperfections tout en acc\u00e9l\u00e9rant la r\u00e9g\u00e9n\u00e9ration cutan\u00e9e.<br data-start=\"1843\" data-end=\"1846\" \/>Sa richesse en flavono\u00efdes en fait un excellent antioxydant naturel.<br data-start=\"1914\" data-end=\"1917\" \/>Id\u00e9al pour les peaux sensibles, irrit\u00e9es ou fragilis\u00e9es.<\/p>\n<p style=\"text-align: center;\" data-start=\"1975\" data-end=\"2055\" data-is-last-node=\"\" data-is-only-node=\"\">\u201c <strong data-start=\"1977\" data-end=\"2053\">CHAQUE BAUME RACONTE L\u2019HISTOIRE D\u2019UN PEUPLE, D\u2019UNE TERRE, D\u2019UNE M\u00c9MOIRE.<\/strong> \u00bb<\/p>\n<p><img data-recalc-dims=\"1\" loading=\"lazy\" decoding=\"async\" class=\"wp-image-29780 aligncenter\" src=\"https:\/\/i0.wp.com\/folk-peuplesetbeaute.com\/wp-content\/uploads\/2025\/11\/FEMME-GREQUE-3.jpg?resize=169%2C246&#038;ssl=1\" alt=\"\" width=\"169\" height=\"246\" \/><\/p>\n<p data-start=\"0\" data-end=\"36\"><strong data-start=\"0\" data-end=\"36\">L\u2019ESPRIT FOLK \u2014 PEOPLES &amp; BEAUTY<\/strong><\/p>\n<p data-start=\"38\" data-end=\"275\">Chaque baume FOLK est une rencontre \u2014 un geste de beaut\u00e9 enracin\u00e9, inspir\u00e9 des traditions, des mati\u00e8res et des rituels des peuples du monde.<br data-start=\"178\" data-end=\"181\" \/>Le <strong data-start=\"184\" data-end=\"211\">Baume Mystique Ath\u00e9nien<\/strong> s\u2019inscrit dans cette lign\u00e9e : g\u00e9n\u00e9reux, vibrant et authentique.<\/p>\n<p data-start=\"277\" data-end=\"303\"><strong data-start=\"277\" data-end=\"303\">CONSEILS D\u2019UTILISATION<\/strong><\/p>\n<p data-start=\"305\" data-end=\"382\">Pr\u00e9levez une petite quantit\u00e9, r\u00e9chauffez-la entre les mains, puis appliquez :<\/p>\n<ul data-start=\"384\" data-end=\"606\">\n<li data-start=\"384\" data-end=\"424\">\n<p data-start=\"386\" data-end=\"424\">sur le visage par de l\u00e9gers massages<\/p>\n<\/li>\n<li data-start=\"425\" data-end=\"465\">\n<p data-start=\"427\" data-end=\"465\">sur le corps pour nourrir et adoucir<\/p>\n<\/li>\n<li data-start=\"466\" data-end=\"514\">\n<p data-start=\"468\" data-end=\"514\">sur les zones s\u00e8ches (coudes, mains, talons)<\/p>\n<\/li>\n<li data-start=\"515\" data-end=\"557\">\n<p data-start=\"517\" data-end=\"557\">comme baume capillaire sur les pointes<\/p>\n<\/li>\n<li data-start=\"558\" data-end=\"606\">\n<p data-start=\"560\" data-end=\"606\">comme soin de la barbe ou baume apr\u00e8s-rasage<\/p>\n<\/li>\n<\/ul>\n<p data-start=\"608\" data-end=\"656\" data-is-last-node=\"\" data-is-only-node=\"\">\u00c0 utiliser quotidiennement ou selon les besoins.<\/p>\n<p data-start=\"0\" data-end=\"15\"><strong data-start=\"0\" data-end=\"15\">PR\u00c9CAUTIONS<\/strong><\/p>\n<p data-start=\"0\" data-end=\"15\">Usage externe uniquement.<br data-start=\"42\" data-end=\"45\" \/>\u00c9viter le contact avec les yeux.<br data-start=\"77\" data-end=\"80\" \/>Conserver \u00e0 l\u2019abri de la chaleur.<br data-start=\"113\" data-end=\"116\" \/>Convient \u00e0 tous les types de peau.<br data-start=\"150\" data-end=\"153\" \/>Un test dermatologique est recommand\u00e9 pour les peaux tr\u00e8s sensibles.<\/p>\n<p data-start=\"223\" data-end=\"373\"><strong data-start=\"223\" data-end=\"241\">Conservation :<\/strong><br data-start=\"241\" data-end=\"244\" \/>\u00c0 conserver \u00e0 temp\u00e9rature ambiante, \u00e0 l\u2019abri de la lumi\u00e8re et de l\u2019humidit\u00e9.<br data-start=\"320\" data-end=\"323\" \/>Dur\u00e9e d\u2019utilisation apr\u00e8s ouverture : <strong data-start=\"361\" data-end=\"372\">12 mois<\/strong>.<\/p>\n<p data-start=\"375\" data-end=\"439\"><strong data-start=\"375\" data-end=\"397\">Mentions l\u00e9gales :<\/strong><br data-start=\"397\" data-end=\"400\" \/>Cosm\u00e9tique naturel. Fabriqu\u00e9 en France.<\/p>\n<p data-start=\"441\" data-end=\"716\" data-is-last-node=\"\" data-is-only-node=\"\"><strong data-start=\"441\" data-end=\"451\">INCI :<\/strong><br data-start=\"451\" data-end=\"454\" \/><em data-start=\"454\" data-end=\"471\">Punica Granatum<\/em> Seed Butter, <em data-start=\"485\" data-end=\"499\">Ficus Carica<\/em> Seed Butter, <em data-start=\"513\" data-end=\"528\">Olea Europaea<\/em> (Olive) Fruit Oil, <em data-start=\"548\" data-end=\"570\">Simmondsia Chinensis<\/em> (Jojoba) Seed Oil, <em data-start=\"590\" data-end=\"600\">Zea Mays<\/em> (Corn) Oil, <em data-start=\"613\" data-end=\"631\">Mangifera Indica<\/em> Seed Butter, Cera Alba, <em data-start=\"656\" data-end=\"673\">Thymus Vulgaris<\/em> (Thyme) Oil, Propolis Extract, Tocopherol.<\/p>\n<p><img data-recalc-dims=\"1\" loading=\"lazy\" decoding=\"async\" class=\"wp-image-29798 aligncenter\" src=\"https:\/\/i0.wp.com\/folk-peuplesetbeaute.com\/wp-content\/uploads\/2025\/11\/PALMIERS-scaled.jpg?resize=185%2C278&#038;ssl=1\" alt=\"\" width=\"185\" height=\"278\" \/><\/p>\n<p>&nbsp;<\/p>","protected":false},"excerpt":{"rendered":"<p>Baume nourrissant intense \u2013 visage, corps &amp; cheveux<br \/>\n100% naturel \u2013 nourrit, prot\u00e8ge et illumine la peau<\/p>\n<h2 data-start=\"347\" data-end=\"363\"><strong>\u2714 Livraison rapide (48h)<\/strong><br \/>\n<strong>\u2714 Paiement s\u00e9curis\u00e9<\/strong><br \/>\n<strong>\u2714 Exp\u00e9di\u00e9 depuis la France<\/strong><\/h2>","protected":false},"featured_media":29875,"comment_status":"open","ping_status":"closed","template":"","meta":{"_acf_changed":false,"_et_pb_use_builder":"","_et_pb_old_content":"","_et_gb_content_width":""},"product_brand":[],"product_cat":[77],"product_tag":[],"class_list":{"0":"post-29743","1":"product","2":"type-product","3":"status-publish","4":"has-post-thumbnail","6":"product_cat-cremes-baumes","7":"product_shipping_class-baumes-et-cremes","9":"first","10":"instock","11":"taxable","12":"shipping-taxable","13":"purchasable","14":"product-type-simple"},"acf":[],"jetpack_sharing_enabled":true,"_links":{"self":[{"href":"https:\/\/folk-peuplesetbeaute.com\/en\/wp-json\/wp\/v2\/product\/29743","targetHints":{"allow":["GET"]}}],"collection":[{"href":"https:\/\/folk-peuplesetbeaute.com\/en\/wp-json\/wp\/v2\/product"}],"about":[{"href":"https:\/\/folk-peuplesetbeaute.com\/en\/wp-json\/wp\/v2\/types\/product"}],"replies":[{"embeddable":true,"href":"https:\/\/folk-peuplesetbeaute.com\/en\/wp-json\/wp\/v2\/comments?post=29743"}],"wp:featuredmedia":[{"embeddable":true,"href":"https:\/\/folk-peuplesetbeaute.com\/en\/wp-json\/wp\/v2\/media\/29875"}],"wp:attachment":[{"href":"https:\/\/folk-peuplesetbeaute.com\/en\/wp-json\/wp\/v2\/media?parent=29743"}],"wp:term":[{"taxonomy":"product_brand","embeddable":true,"href":"https:\/\/folk-peuplesetbeaute.com\/en\/wp-json\/wp\/v2\/product_brand?post=29743"},{"taxonomy":"product_cat","embeddable":true,"href":"https:\/\/folk-peuplesetbeaute.com\/en\/wp-json\/wp\/v2\/product_cat?post=29743"},{"taxonomy":"product_tag","embeddable":true,"href":"https:\/\/folk-peuplesetbeaute.com\/en\/wp-json\/wp\/v2\/product_tag?post=29743"}],"curies":[{"name":"wp","href":"https:\/\/api.w.org\/{rel}","templated":true}]}}