{"id":29744,"date":"2025-11-25T18:14:14","date_gmt":"2025-11-25T17:14:14","guid":{"rendered":"https:\/\/folk-peuplesetbeaute.com\/?post_type=product&#038;p=29744"},"modified":"2026-03-29T20:51:17","modified_gmt":"2026-03-29T18:51:17","slug":"baume-andalou","status":"publish","type":"product","link":"https:\/\/folk-peuplesetbeaute.com\/en\/product\/baume-andalou\/","title":{"rendered":"Baume Mystique Andalou"},"content":{"rendered":"<p style=\"text-align: center;\" data-start=\"0\" data-end=\"228\">Beurre de karit\u00e9 \u2013 beurre de mangue \u2013 huile d\u2019olive vierge \u2013 huile d\u2019amande douce \u2013 huile de graines de figue de Barbarie \u2013 huile de grenade \u2013 huile de p\u00e9pins de raisin \u2013 cire d\u2019abeille jaune \u2013 ar\u00f4me naturel de fleur d\u2019oranger<\/p>\n<p style=\"text-align: center;\" data-start=\"230\" data-end=\"292\" data-is-last-node=\"\" data-is-only-node=\"\"><strong data-start=\"230\" data-end=\"264\">Nutrition \u2022 Protection \u2022 \u00c9clat<\/strong><br data-start=\"264\" data-end=\"267\" \/><strong data-start=\"267\" data-end=\"292\" data-is-last-node=\"\">100 % naturel \u2013 50 ml<\/strong><\/p>\n<p><img data-recalc-dims=\"1\" loading=\"lazy\" decoding=\"async\" class=\"wp-image-29774 aligncenter\" src=\"https:\/\/i0.wp.com\/folk-peuplesetbeaute.com\/wp-content\/uploads\/2025\/11\/yuliya-matuzava-IMwlvUWKCzc-unsplash-scaled.jpg?resize=203%2C305&#038;ssl=1\" alt=\"\" width=\"203\" height=\"305\" \/><\/p>\n<h1 data-start=\"743\" data-end=\"798\">\u2714 Hydratation intense<br \/>\n\u2714 Apaise les peaux s\u00e8ches<br \/>\n\u2714 \u00c9clat naturel imm\u00e9diat<br \/>\n\u2714 100% ingr\u00e9dients naturels<br \/>\n\u2714 Convient visage, corps, cheveux<\/h1>\n<p>&nbsp;<\/p>\n<h2 class=\"p5\"><strong>BAUME ANDALOU \u2014 Soleil, g\u00e9n\u00e9rosit\u00e9 &amp; h\u00e9ritage m\u00e9diterran\u00e9en<\/strong><\/h2>\n<p class=\"p6\">Douceur \u2013 Lumi\u00e8re \u2013 Abondance<\/p>\n<p data-start=\"124\" data-end=\"472\"><strong>N\u00e9 sous le soleil andalou, ce baume est un hommage aux jardins parfum\u00e9s, aux patios ombrag\u00e9s et aux traditions o\u00f9 la beaut\u00e9 \u00e9tait un art du quotidien.<\/strong><\/p>\n<p data-start=\"124\" data-end=\"472\">Il puise sa richesse dans des mati\u00e8res nobles qui ont travers\u00e9 le temps.<br data-start=\"72\" data-end=\"75\" \/>Sa texture fondante nourrit, apaise et illumine, laissant sur la peau un voile soyeux au parfum d\u00e9licat, empreint de soleil.Le <strong data-start=\"206\" data-end=\"223\">Baume Andalou<\/strong> n\u2019est pas un simple soin : c\u2019est un geste de beaut\u00e9 g\u00e9n\u00e9reux, inspir\u00e9 par la terre, la lumi\u00e8re et l\u2019h\u00e9ritage des femmes d\u2019Andalousie \u2014<br data-start=\"358\" data-end=\"361\" \/>un rituel o\u00f9 la peau retrouve sa douceur, son \u00e9clat\u2026 et toute la po\u00e9sie du Sud.<\/p>\n<p class=\"p8\" style=\"text-align: center;\"><strong>LA BEAUT\u00c9 A UNE M\u00c9MOIRE<\/strong><\/p>\n<p data-start=\"0\" data-end=\"13\"><strong data-start=\"0\" data-end=\"13\">BIENFAITS<\/strong><\/p>\n<p data-start=\"15\" data-end=\"335\" data-is-last-node=\"\" data-is-only-node=\"\">Nourrit intens\u00e9ment et aide \u00e0 pr\u00e9server l\u2019hydratation<br data-start=\"68\" data-end=\"71\" \/>Apaise les zones s\u00e8ches ou fragiles<br data-start=\"106\" data-end=\"109\" \/>Adoucit, lisse et am\u00e9liore le confort de la peau<br data-start=\"157\" data-end=\"160\" \/>Apporte un \u00e9clat naturel, chaud et lumineux<br data-start=\"203\" data-end=\"206\" \/>Prot\u00e8ge la peau du vent, du soleil et de la d\u00e9shydratation<br data-start=\"264\" data-end=\"267\" \/>Parfait pour le visage, le corps, les mains, les cheveux et la barbe<\/p>\n<div class=\"flex flex-col text-sm pb-25\">\n<article class=\"text-token-text-primary w-full focus:outline-none [--shadow-height:45px] has-data-writing-block:pointer-events-none has-data-writing-block:-mt-(--shadow-height) has-data-writing-block:pt-(--shadow-height) [&amp;:has([data-writing-block])&gt;*]:pointer-events-auto scroll-mt-[calc(var(--header-height)+min(200px,max(70px,20svh)))]\" dir=\"auto\" tabindex=\"-1\" data-turn-id=\"request-WEB:a34dba74-1082-4572-9751-85d52c820107-73\" data-testid=\"conversation-turn-148\" data-scroll-anchor=\"true\" data-turn=\"assistant\">\n<div class=\"text-base my-auto mx-auto pb-10 [--thread-content-margin:--spacing(4)] @w-sm\/main:[--thread-content-margin:--spacing(6)] @w-lg\/main:[--thread-content-margin:--spacing(16)] px-(--thread-content-margin)\">\n<div class=\"[--thread-content-max-width:40rem] @w-lg\/main:[--thread-content-max-width:48rem] mx-auto max-w-(--thread-content-max-width) flex-1 group\/turn-messages focus-visible:outline-hidden relative flex w-full min-w-0 flex-col agent-turn\" tabindex=\"-1\">\n<div class=\"flex max-w-full flex-col grow\">\n<div class=\"min-h-8 text-message relative flex w-full flex-col items-end gap-2 text-start break-words whitespace-normal [.text-message+&amp;]:mt-1\" dir=\"auto\" data-message-author-role=\"assistant\" data-message-id=\"af5f0dd4-085c-45af-8edf-56cb223d508e\" data-message-model-slug=\"gpt-5-2\">\n<div class=\"flex w-full flex-col gap-1 empty:hidden first:pt-[1px]\">\n<div class=\"markdown prose dark:prose-invert w-full wrap-break-word light markdown-new-styling\">\n<p style=\"text-align: center;\" data-start=\"0\" data-end=\"111\" data-is-last-node=\"\" data-is-only-node=\"\"><strong>\u00ab UNE INVITATION \u00c0 SE RECONNECTER AUX TRADITIONS DU MONDE<\/strong><br data-start=\"59\" data-end=\"62\" \/><strong>ET \u00c0 C\u00c9L\u00c9BRER LA BEAUT\u00c9 DANS SA TRANSMISSION. \u00bb<\/strong><\/p>\n<\/div>\n<\/div>\n<\/div>\n<\/div>\n<\/div>\n<\/div>\n<\/article>\n<\/div>\n<div class=\"pointer-events-none h-px w-px absolute bottom-0\" aria-hidden=\"true\" data-edge=\"true\"><\/div>\n<p><img data-recalc-dims=\"1\" loading=\"lazy\" decoding=\"async\" class=\"wp-image-29775 aligncenter\" src=\"https:\/\/i0.wp.com\/folk-peuplesetbeaute.com\/wp-content\/uploads\/2025\/11\/hessam-nabavi-GVTWoKsU2O0-unsplash-scaled.jpg?resize=307%2C204&#038;ssl=1\" alt=\"\" width=\"307\" height=\"204\" \/><\/p>\n<p class=\"p10\"><strong>INGR\u00c9DIENTS<\/strong><\/p>\n<p data-start=\"0\" data-end=\"239\"><strong data-start=\"0\" data-end=\"20\">Beurre de karit\u00e9<\/strong><br data-start=\"20\" data-end=\"23\" \/>Nourrit intens\u00e9ment et prot\u00e8ge la peau des agressions ext\u00e9rieures.<br data-start=\"89\" data-end=\"92\" \/>Apaise les sensations de tiraillement et renforce la barri\u00e8re cutan\u00e9e.<br data-start=\"162\" data-end=\"165\" \/>Id\u00e9al pour les climats chauds et secs gr\u00e2ce \u00e0 son film protecteur naturel.<\/p>\n<p data-start=\"241\" data-end=\"427\"><strong data-start=\"241\" data-end=\"261\">Beurre de mangue<\/strong><br data-start=\"261\" data-end=\"264\" \/>L\u00e9ger et soyeux, il adoucit la peau sans laisser de film gras.<br data-start=\"326\" data-end=\"329\" \/>Aide \u00e0 maintenir l\u2019hydratation et la douceur.<br data-start=\"374\" data-end=\"377\" \/>Conf\u00e8re au baume une texture fondante et velout\u00e9e.<\/p>\n<p data-start=\"429\" data-end=\"651\"><strong data-start=\"429\" data-end=\"453\">Huile d\u2019olive vierge<\/strong><br data-start=\"453\" data-end=\"456\" \/>G\u00e9n\u00e9reuse et r\u00e9paratrice, elle nourrit la peau en profondeur.<br data-start=\"517\" data-end=\"520\" \/>Riche en antioxydants, elle aide \u00e0 pr\u00e9server l\u2019\u00e9lasticit\u00e9 cutan\u00e9e.<br data-start=\"586\" data-end=\"589\" \/>Tr\u00e8s \u00e9molliente, elle adoucit et offre une protection durable.<\/p>\n<p data-start=\"653\" data-end=\"866\"><strong data-start=\"653\" data-end=\"677\">Huile d\u2019amande douce<\/strong><br data-start=\"677\" data-end=\"680\" \/>Symbole de douceur, elle apaise et adoucit les peaux sensibles.<br data-start=\"743\" data-end=\"746\" \/>Lissante et r\u00e9confortante, elle laisse la peau souple et velout\u00e9e.<br data-start=\"812\" data-end=\"815\" \/>Id\u00e9ale pour aider \u00e0 pr\u00e9venir la s\u00e9cheresse cutan\u00e9e.<\/p>\n<p data-start=\"653\" data-end=\"866\"><strong data-start=\"868\" data-end=\"909\">Huile de graines de figue de Barbarie<\/strong><br data-start=\"909\" data-end=\"912\" \/>Riche en vitamine E et en acides gras essentiels, elle ravive l\u2019\u00e9clat et soutient la fermet\u00e9 de la peau.<br data-start=\"1016\" data-end=\"1019\" \/>P\u00e9n\u00e8tre rapidement pour lisser la peau.<br data-start=\"1058\" data-end=\"1061\" \/>Un tr\u00e9sor m\u00e9diterran\u00e9en pr\u00e9cieux et raffin\u00e9.<\/p>\n<p data-start=\"0\" data-end=\"237\"><strong data-start=\"0\" data-end=\"31\">Huile de graines de grenade<\/strong><br data-start=\"31\" data-end=\"34\" \/>Puissant antioxydant, elle aide \u00e0 prot\u00e9ger la peau du vieillissement pr\u00e9matur\u00e9.<br data-start=\"113\" data-end=\"116\" \/>Revitalise les peaux fatigu\u00e9es en leur redonnant tonicit\u00e9 et luminosit\u00e9.<br data-start=\"188\" data-end=\"191\" \/>Sublime la souplesse et la douceur de la peau.<\/p>\n<p data-start=\"239\" data-end=\"456\"><strong data-start=\"239\" data-end=\"263\">Cire d\u2019abeille jaune<\/strong><br data-start=\"263\" data-end=\"266\" \/>Cr\u00e9e une barri\u00e8re protectrice naturelle contre la d\u00e9shydratation.<br data-start=\"331\" data-end=\"334\" \/>Adoucit et lisse la peau tout en la prot\u00e9geant des agressions ext\u00e9rieures.<br data-start=\"408\" data-end=\"411\" \/>Apporte structure, tenue et chaleur au baume.<\/p>\n<p data-start=\"458\" data-end=\"674\"><strong data-start=\"458\" data-end=\"498\">Extrait lipidique de fleur d\u2019oranger<\/strong><br data-start=\"498\" data-end=\"501\" \/>Apaisant et illuminateur, il adoucit la peau et apaise les tensions.<br data-start=\"569\" data-end=\"572\" \/>Apporte un parfum m\u00e9diterran\u00e9en doux et r\u00e9confortant.<br data-start=\"625\" data-end=\"628\" \/>Id\u00e9al pour r\u00e9v\u00e9ler l\u2019\u00e9clat naturel de la peau.<\/p>\n<p data-start=\"676\" data-end=\"886\" data-is-last-node=\"\" data-is-only-node=\"\"><strong data-start=\"676\" data-end=\"700\">Vitamine E naturelle<\/strong><br data-start=\"700\" data-end=\"703\" \/>Puissant antioxydant, elle prot\u00e8ge les huiles de l\u2019oxydation.<br data-start=\"764\" data-end=\"767\" \/>Aide \u00e0 pr\u00e9server l\u2019\u00e9lasticit\u00e9 et la douceur de la peau.<br data-start=\"822\" data-end=\"825\" \/>Essentielle pour maintenir la qualit\u00e9 du baume dans le temps.<\/p>\n<p class=\"p8\" style=\"text-align: center;\">\u00ab <strong data-start=\"2\" data-end=\"78\">CHAQUE BAUME RACONTE L\u2019HISTOIRE D\u2019UN PEUPLE, D\u2019UNE TERRE, D\u2019UNE M\u00c9MOIRE.<\/strong> \u00bb<\/p>\n<p class=\"p6\"><b><img data-recalc-dims=\"1\" loading=\"lazy\" decoding=\"async\" class=\"wp-image-29776 aligncenter\" src=\"https:\/\/i0.wp.com\/folk-peuplesetbeaute.com\/wp-content\/uploads\/2025\/11\/jannes-jacobs-x5bJB2BCjBw-unsplash-scaled.jpg?resize=251%2C314&#038;ssl=1\" alt=\"\" width=\"251\" height=\"314\" \/><\/b><\/p>\n<p data-start=\"0\" data-end=\"36\"><strong data-start=\"0\" data-end=\"36\">L\u2019ESPRIT FOLK \u2014 PEOPLES &amp; BEAUTY<\/strong><\/p>\n<p data-start=\"38\" data-end=\"266\">Chaque baume FOLK est une rencontre \u2014 un geste de beaut\u00e9 enracin\u00e9, inspir\u00e9 des traditions, des mati\u00e8res et des rituels des peuples du monde.<br data-start=\"178\" data-end=\"181\" \/><strong data-start=\"181\" data-end=\"202\">Mystic Andalusian<\/strong> s\u2019inscrit dans cette lign\u00e9e : g\u00e9n\u00e9reux, vibrant et authentique.<\/p>\n<p data-start=\"268\" data-end=\"294\" data-is-last-node=\"\" data-is-only-node=\"\"><strong data-start=\"268\" data-end=\"294\" data-is-last-node=\"\">CONSEILS D\u2019UTILISATION<\/strong><\/p>\n<p data-start=\"0\" data-end=\"77\">Pr\u00e9levez une petite quantit\u00e9, r\u00e9chauffez-la entre les mains, puis appliquez :<\/p>\n<ul data-start=\"79\" data-end=\"301\">\n<li data-start=\"79\" data-end=\"119\">\n<p data-start=\"81\" data-end=\"119\">sur le visage par de l\u00e9gers massages<\/p>\n<\/li>\n<li data-start=\"120\" data-end=\"160\">\n<p data-start=\"122\" data-end=\"160\">sur le corps pour nourrir et adoucir<\/p>\n<\/li>\n<li data-start=\"161\" data-end=\"209\">\n<p data-start=\"163\" data-end=\"209\">sur les zones s\u00e8ches (coudes, mains, talons)<\/p>\n<\/li>\n<li data-start=\"210\" data-end=\"252\">\n<p data-start=\"212\" data-end=\"252\">comme baume capillaire sur les pointes<\/p>\n<\/li>\n<li data-start=\"253\" data-end=\"301\">\n<p data-start=\"255\" data-end=\"301\">comme soin de la barbe ou baume apr\u00e8s-rasage<\/p>\n<\/li>\n<\/ul>\n<p data-start=\"303\" data-end=\"351\" data-is-last-node=\"\" data-is-only-node=\"\">\u00c0 utiliser quotidiennement ou selon les besoins.<\/p>\n<p data-start=\"0\" data-end=\"15\"><strong data-start=\"0\" data-end=\"15\">PR\u00c9CAUTIONS<\/strong><\/p>\n<p data-start=\"17\" data-end=\"221\" data-is-last-node=\"\" data-is-only-node=\"\">Usage externe uniquement.<br data-start=\"42\" data-end=\"45\" \/>\u00c9viter le contact avec les yeux.<br data-start=\"77\" data-end=\"80\" \/>Conserver \u00e0 l\u2019abri de la chaleur.<br data-start=\"113\" data-end=\"116\" \/>Convient \u00e0 tous les types de peau.<br data-start=\"150\" data-end=\"153\" \/>Un test dermatologique est recommand\u00e9 pour les peaux tr\u00e8s sensibles.<\/p>\n<p data-start=\"0\" data-end=\"150\"><strong data-start=\"0\" data-end=\"18\">Conservation :<\/strong><br data-start=\"18\" data-end=\"21\" \/>\u00c0 conserver \u00e0 temp\u00e9rature ambiante, \u00e0 l\u2019abri de la lumi\u00e8re et de l\u2019humidit\u00e9.<br data-start=\"97\" data-end=\"100\" data-is-only-node=\"\" \/>Dur\u00e9e d\u2019utilisation apr\u00e8s ouverture : <strong data-start=\"138\" data-end=\"149\">12 mois<\/strong>.<\/p>\n<p data-start=\"152\" data-end=\"216\"><strong data-start=\"152\" data-end=\"174\">Mentions l\u00e9gales :<\/strong><br data-start=\"174\" data-end=\"177\" \/>Cosm\u00e9tique naturel. Fabriqu\u00e9 en France.<\/p>\n<p data-start=\"218\" data-end=\"499\" data-is-last-node=\"\" data-is-only-node=\"\"><strong data-start=\"218\" data-end=\"228\">INCI :<\/strong><br data-start=\"228\" data-end=\"231\" \/><em data-start=\"231\" data-end=\"253\">Butyrospermum Parkii<\/em> Butter, <em data-start=\"262\" data-end=\"280\">Mangifera Indica<\/em> Seed Butter, <em data-start=\"294\" data-end=\"309\">Olea Europaea<\/em> (Olive) Fruit Oil, <em data-start=\"329\" data-end=\"354\">Prunus Amygdalus Dulcis<\/em> (Sweet Almond) Oil, <em data-start=\"375\" data-end=\"397\">Opuntia Ficus-Indica<\/em> Seed Oil, <em data-start=\"408\" data-end=\"425\">Punica Granatum<\/em> Seed Oil, Cera Alba, <em data-start=\"447\" data-end=\"471\">Citrus Aurantium Amara<\/em> Flower Extract, Tocopherol.<\/p>\n<p><img data-recalc-dims=\"1\" loading=\"lazy\" decoding=\"async\" class=\"wp-image-29797 aligncenter\" src=\"https:\/\/i0.wp.com\/folk-peuplesetbeaute.com\/wp-content\/uploads\/2025\/11\/CIRE-JAUNE-scaled.jpg?resize=192%2C288&#038;ssl=1\" alt=\"\" width=\"192\" height=\"288\" \/><\/p>\n","protected":false},"excerpt":{"rendered":"<p>Baume nourrissant intense \u2013 visage, corps &amp; cheveux<br \/>\n100% naturel \u2013 nourrit, prot\u00e8ge et illumine la peau<\/p>\n<h2 data-start=\"347\" data-end=\"363\"><strong>\u2714 Livraison rapide (48h)<\/strong><br \/>\n<strong>\u2714 Paiement s\u00e9curis\u00e9<\/strong><br \/>\n<strong>\u2714 Exp\u00e9di\u00e9 depuis la France<\/strong><\/h2>","protected":false},"featured_media":29876,"comment_status":"open","ping_status":"closed","template":"","meta":{"_acf_changed":false,"_et_pb_use_builder":"","_et_pb_old_content":"","_et_gb_content_width":""},"product_brand":[],"product_cat":[77],"product_tag":[],"class_list":{"0":"post-29744","1":"product","2":"type-product","3":"status-publish","4":"has-post-thumbnail","6":"product_cat-cremes-baumes","7":"product_shipping_class-baumes-et-cremes","9":"first","10":"instock","11":"taxable","12":"shipping-taxable","13":"purchasable","14":"product-type-simple"},"acf":[],"jetpack_sharing_enabled":true,"_links":{"self":[{"href":"https:\/\/folk-peuplesetbeaute.com\/en\/wp-json\/wp\/v2\/product\/29744","targetHints":{"allow":["GET"]}}],"collection":[{"href":"https:\/\/folk-peuplesetbeaute.com\/en\/wp-json\/wp\/v2\/product"}],"about":[{"href":"https:\/\/folk-peuplesetbeaute.com\/en\/wp-json\/wp\/v2\/types\/product"}],"replies":[{"embeddable":true,"href":"https:\/\/folk-peuplesetbeaute.com\/en\/wp-json\/wp\/v2\/comments?post=29744"}],"wp:featuredmedia":[{"embeddable":true,"href":"https:\/\/folk-peuplesetbeaute.com\/en\/wp-json\/wp\/v2\/media\/29876"}],"wp:attachment":[{"href":"https:\/\/folk-peuplesetbeaute.com\/en\/wp-json\/wp\/v2\/media?parent=29744"}],"wp:term":[{"taxonomy":"product_brand","embeddable":true,"href":"https:\/\/folk-peuplesetbeaute.com\/en\/wp-json\/wp\/v2\/product_brand?post=29744"},{"taxonomy":"product_cat","embeddable":true,"href":"https:\/\/folk-peuplesetbeaute.com\/en\/wp-json\/wp\/v2\/product_cat?post=29744"},{"taxonomy":"product_tag","embeddable":true,"href":"https:\/\/folk-peuplesetbeaute.com\/en\/wp-json\/wp\/v2\/product_tag?post=29744"}],"curies":[{"name":"wp","href":"https:\/\/api.w.org\/{rel}","templated":true}]}}