{"id":29745,"date":"2025-11-25T18:14:46","date_gmt":"2025-11-25T17:14:46","guid":{"rendered":"https:\/\/folk-peuplesetbeaute.com\/?post_type=product&#038;p=29745"},"modified":"2026-03-30T00:47:48","modified_gmt":"2026-03-29T22:47:48","slug":"baume-eshet-hayil","status":"publish","type":"product","link":"https:\/\/folk-peuplesetbeaute.com\/en\/product\/baume-eshet-hayil\/","title":{"rendered":"Baume Eshet Hayil (\u05d0\u05e9\u05ea \u05d7\u05d9\u05dc)"},"content":{"rendered":"<p style=\"text-align: center;\" data-start=\"0\" data-end=\"213\">Huile d\u2019olive \u2013 huile de s\u00e9same \u2013 huile de graines de figue de Barbarie \u2013 huile de datte \u2013 extrait de romarin \u2013 extrait de grenade \u2013 extrait de thym \u2013 cire d\u2019abeille jaune \u2013 fleur d\u2019oranger \u2013 extrait de propolis<\/p>\n<div class=\"video-wrapper\"><iframe title=\"YouTube video player\" src=\"https:\/\/www.youtube-nocookie.com\/embed\/Su8ulNpKIc4?rel=0&amp;modestbranding=1\" frameborder=\"0\" allowfullscreen=\"allowfullscreen\"><span data-mce-type=\"bookmark\" style=\"display: inline-block; width: 0px; overflow: hidden; line-height: 0;\" class=\"mce_SELRES_start\"><\/span><br \/>\n<\/iframe><\/div>\n<p style=\"margin-top: 30px; text-align: center;\" data-start=\"215\" data-end=\"277\" data-is-last-node=\"\" data-is-only-node=\"\"><strong data-start=\"215\" data-end=\"249\">Nutrition \u2022 Protection \u2022 \u00c9clat<\/strong><br data-start=\"249\" data-end=\"252\" \/><strong data-start=\"252\" data-end=\"277\" data-is-last-node=\"\">100 % naturel \u2013 50 ml<\/strong><\/p>\n<p><img data-recalc-dims=\"1\" loading=\"lazy\" decoding=\"async\" class=\"wp-image-29770 aligncenter\" src=\"https:\/\/i0.wp.com\/folk-peuplesetbeaute.com\/wp-content\/uploads\/2025\/11\/ilona-panych-Un-aQWeFWQw-unsplash-scaled.jpg?resize=160%2C240&#038;ssl=1\" alt=\"\" width=\"160\" height=\"240\" \/><\/p>\n<p>&nbsp;<\/p>\n<h1 data-start=\"743\" data-end=\"798\">\u2714 Hydratation intense<br \/>\n\u2714 Apaise les peaux s\u00e8ches<br \/>\n\u2714 \u00c9clat naturel imm\u00e9diat<br \/>\n\u2714 100% ingr\u00e9dients naturels<br \/>\n\u2714 Convient visage, corps, cheveux<\/h1>\n<p>&nbsp;<\/p>\n<h2 class=\"p1\"><strong>Baume Esh\u00e9t Hayil, (<span class=\"s1\">\u05d0\u05e9\u05ea<\/span> <span class=\"s1\">\u05d7\u05d9\u05dc<\/span>) &#8211; C\u2019est plus qu\u2019un baume.<\/strong><\/h2>\n<p data-start=\"0\" data-end=\"25\">C\u2019est plus qu\u2019un baume.<\/p>\n<p data-start=\"27\" data-end=\"156\">C\u2019est un hommage discret mais puissant \u00e0 la femme de valeur \u2014<br data-start=\"88\" data-end=\"91\" \/>celle dont la lumi\u00e8re int\u00e9rieure guide, inspire, apaise et \u00e9l\u00e8ve.<\/p>\n<p data-start=\"158\" data-end=\"413\">N\u00e9 de traditions transmises de g\u00e9n\u00e9ration en g\u00e9n\u00e9ration, ce baume r\u00e9unit des ingr\u00e9dients nobles et symboliques : huile d\u2019olive, datte, figue, grenade, miel, myrrhe\u2026<br data-start=\"322\" data-end=\"325\" \/>Autant d\u2019\u00e9l\u00e9ments qui racontent la terre, la m\u00e9moire, l\u2019histoire et la force du f\u00e9minin.<\/p>\n<p data-start=\"415\" data-end=\"634\">Sa texture fondante enveloppe la peau d\u2019un voile satin\u00e9, doux comme un geste d\u2019amour.<br data-start=\"500\" data-end=\"503\" \/>Son parfum d\u00e9licat \u00e9voque les jardins m\u00e9diterran\u00e9ens \u2014 la chaleur du soleil, la fra\u00eecheur des herbes sacr\u00e9es et la douceur du soir.<\/p>\n<p data-start=\"636\" data-end=\"806\">Esh\u00e9t Hayil sublime la beaut\u00e9 naturelle, r\u00e9v\u00e9lant la gr\u00e2ce authentique de chaque femme.<br data-start=\"723\" data-end=\"726\" \/>Un rituel quotidien, simple et essentiel, pour nourrir la peau et honorer l\u2019\u00e2me.<\/p>\n<p data-start=\"636\" data-end=\"806\">Pour toutes les femmes qui portent la lumi\u00e8re.<br data-start=\"854\" data-end=\"857\" \/>Pour toutes celles qui donnent, transmettent et illuminent.<br data-start=\"916\" data-end=\"919\" \/>Pour toutes les <strong data-start=\"935\" data-end=\"950\">Esh\u00e9t Hayil<\/strong>.<\/p>\n<p style=\"text-align: center;\"><strong>LA BEAUT\u00c9 A UNE M\u00c9MOIRE<\/strong><\/p>\n<p data-start=\"0\" data-end=\"13\"><strong data-start=\"0\" data-end=\"13\">BIENFAITS<\/strong><\/p>\n<p data-start=\"15\" data-end=\"335\" data-is-last-node=\"\" data-is-only-node=\"\">Nourrit intens\u00e9ment et aide \u00e0 pr\u00e9server l\u2019hydratation<br data-start=\"68\" data-end=\"71\" \/>Apaise les zones s\u00e8ches ou fragiles<br data-start=\"106\" data-end=\"109\" \/>Adoucit, lisse et am\u00e9liore le confort de la peau<br data-start=\"157\" data-end=\"160\" \/>Apporte un \u00e9clat naturel, chaud et lumineux<br data-start=\"203\" data-end=\"206\" \/>Prot\u00e8ge la peau du vent, du soleil et de la d\u00e9shydratation<br data-start=\"264\" data-end=\"267\" \/>Parfait pour le visage, le corps, les mains, les cheveux et la barbe<\/p>\n<h5 style=\"text-align: center;\" data-start=\"81\" data-end=\"142\">\u201c <strong data-start=\"2\" data-end=\"109\">UNE INVITATION \u00c0 SE RECONNECTER AUX TRADITIONS DU MONDE<br data-start=\"59\" data-end=\"62\" \/>ET \u00c0 C\u00c9L\u00c9BRER LA BEAUT\u00c9 DANS SA TRANSMISSION.<\/strong> \u00bb<\/h5>\n<p><img data-recalc-dims=\"1\" loading=\"lazy\" decoding=\"async\" class=\"wp-image-29772 aligncenter\" src=\"https:\/\/i0.wp.com\/folk-peuplesetbeaute.com\/wp-content\/uploads\/2025\/11\/faezeh-eslami-i8QJbsEGP_M-unsplash-scaled.jpg?resize=166%2C222&#038;ssl=1\" alt=\"\" width=\"166\" height=\"222\" \/><\/p>\n<p data-start=\"0\" data-end=\"15\"><strong data-start=\"0\" data-end=\"15\">INGR\u00c9DIENTS<\/strong><\/p>\n<p data-start=\"17\" data-end=\"214\"><strong data-start=\"17\" data-end=\"34\">Huile d\u2019olive<\/strong><br data-start=\"34\" data-end=\"37\" \/>Nourrit et renforce la barri\u00e8re cutan\u00e9e.<br data-start=\"77\" data-end=\"80\" \/>Prot\u00e8ge la peau du dess\u00e8chement tout en restaurant souplesse et douceur.<br data-start=\"152\" data-end=\"155\" \/>Riche en antioxydants naturels pour un \u00e9clat m\u00e9diterran\u00e9en.<\/p>\n<p data-start=\"216\" data-end=\"452\"><strong data-start=\"216\" data-end=\"235\">Huile de s\u00e9same<\/strong><br data-start=\"235\" data-end=\"238\" \/>\u00c9quilibrante, elle aide naturellement \u00e0 r\u00e9guler la production de s\u00e9bum.<br data-start=\"309\" data-end=\"312\" \/>Hydrate sans laisser de film gras, laissant la peau souple et velout\u00e9e.<br data-start=\"383\" data-end=\"386\" \/>Id\u00e9ale pour tous les types de peau, y compris les peaux sensibles.<\/p>\n<p data-start=\"454\" data-end=\"707\"><strong data-start=\"454\" data-end=\"495\">Huile de graines de figue de Barbarie<\/strong><br data-start=\"495\" data-end=\"498\" \/>Tr\u00e8s pr\u00e9cieuse et riche en vitamine E, elle aide \u00e0 pr\u00e9server la fermet\u00e9 et l\u2019\u00e9lasticit\u00e9 de la peau.<br data-start=\"597\" data-end=\"600\" \/>Illumine le teint et laisse un toucher soyeux et raffin\u00e9.<br data-start=\"657\" data-end=\"660\" \/>Parfaite pour une beaut\u00e9 \u00e9clatante et d\u00e9licate.<\/p>\n<p data-start=\"709\" data-end=\"949\"><strong data-start=\"709\" data-end=\"727\">Huile de datte<\/strong><br data-start=\"727\" data-end=\"730\" \/>Nourrissante et assouplissante, elle aide \u00e0 maintenir la peau souple et confortable.<br data-start=\"814\" data-end=\"817\" \/>Riche en antioxydants, elle prot\u00e8ge la peau des agressions environnementales.<br data-start=\"894\" data-end=\"897\" \/>Apporte une douceur naturelle, lisse comme la p\u00eache.<\/p>\n<p data-start=\"951\" data-end=\"1053\"><strong data-start=\"951\" data-end=\"975\">Cire d\u2019abeille jaune<\/strong><br data-start=\"975\" data-end=\"978\" \/>Utilis\u00e9e dans les pharmacop\u00e9es anciennes \u00e0 travers le Maghreb et le Levant.<\/p>\n<p data-start=\"1055\" data-end=\"1363\"><strong data-start=\"1055\" data-end=\"1063\">Miel<\/strong><br data-start=\"1063\" data-end=\"1066\" \/>Mentionn\u00e9 dans les textes anciens \u00e0 travers l\u2019Histoire (Bible, Torah, m\u00e9decine andalouse, traditions de soins berb\u00e8res).<br data-start=\"1186\" data-end=\"1189\" \/>Hydratant naturel, il apporte douceur, souplesse et confort \u00e0 la peau.<br data-start=\"1259\" data-end=\"1262\" \/>Riche en nutriments, il aide \u00e0 lisser et illuminer le teint.<br data-start=\"1322\" data-end=\"1325\" \/>Id\u00e9al pour les peaux s\u00e8ches ou ternes.<\/p>\n<p data-start=\"1365\" data-end=\"1486\"><strong data-start=\"1365\" data-end=\"1377\">Propolis<\/strong><br data-start=\"1377\" data-end=\"1380\" \/>Pr\u00e9sente dans les ruches traditionnelles du Maghreb, d\u2019Isra\u00ebl et du Levant.<br data-start=\"1455\" data-end=\"1458\" \/>Utilis\u00e9e depuis l\u2019Antiquit\u00e9.<\/p>\n<p data-start=\"1488\" data-end=\"1771\"><strong data-start=\"1488\" data-end=\"1510\">Extrait de grenade<\/strong><br data-start=\"1510\" data-end=\"1513\" \/>Fruit traditionnel du Maroc \u00e0 Isra\u00ebl, utilis\u00e9 dans les soins et parfums anciens.<br data-start=\"1593\" data-end=\"1596\" \/>Tr\u00e8s riche en antioxydants, il aide \u00e0 prot\u00e9ger la peau du vieillissement pr\u00e9matur\u00e9.<br data-start=\"1679\" data-end=\"1682\" \/>Revitalise et sublime l\u2019\u00e9clat naturel de la peau.<br data-start=\"1731\" data-end=\"1734\" \/>Laisse la peau tonifi\u00e9e et lumineuse.<\/p>\n<p data-start=\"1773\" data-end=\"2004\"><strong data-start=\"1773\" data-end=\"1792\">Extrait de thym<\/strong><br data-start=\"1792\" data-end=\"1795\" \/>Purifiant et tonifiant, il aide \u00e0 maintenir une peau nette et saine.<br data-start=\"1863\" data-end=\"1866\" \/>R\u00e9veille l\u2019\u00e9clat et procure une sensation rafra\u00eechissante et vivifiante.<br data-start=\"1938\" data-end=\"1941\" \/>Traditionnellement utilis\u00e9 dans la pharmacop\u00e9e m\u00e9diterran\u00e9enne.<\/p>\n<p data-start=\"1773\" data-end=\"2004\"><strong data-start=\"2006\" data-end=\"2025\">Fleur d\u2019oranger<\/strong><br data-start=\"2025\" data-end=\"2028\" \/>Ic\u00f4ne de la beaut\u00e9 maghr\u00e9bine et s\u00e9farade.<br data-start=\"2070\" data-end=\"2073\" \/>Apaisante et lumineuse, elle apporte douceur et s\u00e9r\u00e9nit\u00e9.<br data-start=\"2130\" data-end=\"2133\" \/>Son parfum d\u00e9licat \u00e9voque la puret\u00e9 et les rituels m\u00e9diterran\u00e9ens.<\/p>\n<hr data-start=\"299\" data-end=\"302\" \/>\n<p class=\"p1\" style=\"text-align: center;\">\u201c <strong data-start=\"2\" data-end=\"78\">CHAQUE BAUME RACONTE L\u2019HISTOIRE D\u2019UN PEUPLE, D\u2019UNE TERRE, D\u2019UNE M\u00c9MOIRE.<\/strong> \u00bb<\/p>\n<p class=\"p1\" style=\"text-align: center;\"><b><img data-recalc-dims=\"1\" loading=\"lazy\" decoding=\"async\" class=\"alignnone wp-image-29771\" src=\"https:\/\/i0.wp.com\/folk-peuplesetbeaute.com\/wp-content\/uploads\/2025\/11\/yoav-aziz-ilBATN5X46o-unsplash-scaled.jpg?resize=169%2C225&#038;ssl=1\" alt=\"\" width=\"169\" height=\"225\" \/><\/b><\/p>\n<p data-start=\"0\" data-end=\"36\"><strong data-start=\"0\" data-end=\"36\">L\u2019ESPRIT FOLK \u2014 PEOPLES &amp; BEAUTY<\/strong><\/p>\n<p data-start=\"38\" data-end=\"267\" data-is-last-node=\"\" data-is-only-node=\"\">Chaque baume FOLK est une rencontre \u2014 un geste de beaut\u00e9 enracin\u00e9, inspir\u00e9 des traditions, des mati\u00e8res et des rituels des peuples du monde.<br data-start=\"178\" data-end=\"181\" \/><strong data-start=\"181\" data-end=\"203\">Mystic Esh\u00e9t Hayil<\/strong> s\u2019inscrit dans cette lign\u00e9e : g\u00e9n\u00e9reux, vibrant et authentique.<\/p>\n<p data-start=\"0\" data-end=\"26\"><strong data-start=\"0\" data-end=\"26\">CONSEILS D\u2019UTILISATION<\/strong><\/p>\n<p data-start=\"28\" data-end=\"105\">Pr\u00e9levez une petite quantit\u00e9, r\u00e9chauffez-la entre les mains, puis appliquez :<\/p>\n<ul data-start=\"107\" data-end=\"329\">\n<li data-start=\"107\" data-end=\"147\">\n<p data-start=\"109\" data-end=\"147\">sur le visage par de l\u00e9gers massages<\/p>\n<\/li>\n<li data-start=\"148\" data-end=\"188\">\n<p data-start=\"150\" data-end=\"188\">sur le corps pour nourrir et adoucir<\/p>\n<\/li>\n<li data-start=\"189\" data-end=\"237\">\n<p data-start=\"191\" data-end=\"237\">sur les zones s\u00e8ches (coudes, mains, talons)<\/p>\n<\/li>\n<li data-start=\"238\" data-end=\"280\">\n<p data-start=\"240\" data-end=\"280\">comme baume capillaire sur les pointes<\/p>\n<\/li>\n<li data-start=\"281\" data-end=\"329\">\n<p data-start=\"283\" data-end=\"329\">comme soin de la barbe ou baume apr\u00e8s-rasage<\/p>\n<\/li>\n<\/ul>\n<p data-start=\"331\" data-end=\"379\" data-is-last-node=\"\" data-is-only-node=\"\">\u00c0 utiliser quotidiennement ou selon les besoins.<\/p>\n<p data-start=\"0\" data-end=\"15\"><strong data-start=\"0\" data-end=\"15\">PR\u00c9CAUTIONS<\/strong><\/p>\n<p data-start=\"17\" data-end=\"215\">Usage externe uniquement. \u00c9viter le contact avec les yeux. Conserver \u00e0 l\u2019abri de la chaleur.<br data-start=\"109\" data-end=\"112\" \/>Convient \u00e0 tous les types de peau. Un test dermatologique est recommand\u00e9 pour les peaux tr\u00e8s sensibles.<\/p>\n<p data-start=\"217\" data-end=\"367\"><strong data-start=\"217\" data-end=\"235\">Conservation :<\/strong><br data-start=\"235\" data-end=\"238\" \/>\u00c0 conserver \u00e0 temp\u00e9rature ambiante, \u00e0 l\u2019abri de la lumi\u00e8re et de l\u2019humidit\u00e9.<br data-start=\"314\" data-end=\"317\" \/>Dur\u00e9e d\u2019utilisation apr\u00e8s ouverture : <strong data-start=\"355\" data-end=\"366\">12 mois<\/strong>.<\/p>\n<p data-start=\"369\" data-end=\"433\"><strong data-start=\"369\" data-end=\"391\">Mentions l\u00e9gales :<\/strong><br data-start=\"391\" data-end=\"394\" \/>Cosm\u00e9tique naturel. Fabriqu\u00e9 en France.<\/p>\n<p data-start=\"435\" data-end=\"686\" data-is-last-node=\"\" data-is-only-node=\"\"><strong data-start=\"435\" data-end=\"445\">INCI :<\/strong><br data-start=\"445\" data-end=\"448\" \/><em data-start=\"448\" data-end=\"463\">Olea Europaea<\/em> (Olive) Fruit Oil, <em data-start=\"483\" data-end=\"500\">Sesamum Indicum<\/em> (Sesame) Seed Oil, <em data-start=\"520\" data-end=\"542\">Opuntia Ficus-Indica<\/em> Seed Oil, <em data-start=\"553\" data-end=\"574\">Phoenix Dactylifera<\/em> Seed Oil, Cera Alba, Mel, Propolis Extract, <em data-start=\"619\" data-end=\"636\">Punica Granatum<\/em> Fruit Extract, <em data-start=\"652\" data-end=\"669\">Thymus Vulgaris<\/em> (Thyme) Extract.<\/p>\n<p><img data-recalc-dims=\"1\" loading=\"lazy\" decoding=\"async\" class=\"wp-image-29796 aligncenter\" src=\"https:\/\/i0.wp.com\/folk-peuplesetbeaute.com\/wp-content\/uploads\/2025\/11\/MIEL-scaled.jpg?resize=263%2C171&#038;ssl=1\" alt=\"\" width=\"263\" height=\"171\" \/><\/p>","protected":false},"excerpt":{"rendered":"<p>Baume nourrissant intense \u2013 visage, corps &amp; cheveux<br \/>\n100% naturel \u2013 nourrit, prot\u00e8ge et illumine la peau<\/p>\n<h2 data-start=\"347\" data-end=\"363\"><strong>\u2714 Livraison rapide (48h)<\/strong><br \/>\n<strong>\u2714 Paiement s\u00e9curis\u00e9<\/strong><br \/>\n<strong>\u2714 Exp\u00e9di\u00e9 depuis la France<\/strong><\/h2>","protected":false},"featured_media":29877,"comment_status":"open","ping_status":"closed","template":"","meta":{"_acf_changed":false,"_et_pb_use_builder":"","_et_pb_old_content":"","_et_gb_content_width":""},"product_brand":[],"product_cat":[77],"product_tag":[],"class_list":{"0":"post-29745","1":"product","2":"type-product","3":"status-publish","4":"has-post-thumbnail","6":"product_cat-cremes-baumes","7":"product_shipping_class-baumes-et-cremes","9":"first","10":"instock","11":"taxable","12":"shipping-taxable","13":"purchasable","14":"product-type-simple"},"acf":[],"jetpack_sharing_enabled":true,"_links":{"self":[{"href":"https:\/\/folk-peuplesetbeaute.com\/en\/wp-json\/wp\/v2\/product\/29745","targetHints":{"allow":["GET"]}}],"collection":[{"href":"https:\/\/folk-peuplesetbeaute.com\/en\/wp-json\/wp\/v2\/product"}],"about":[{"href":"https:\/\/folk-peuplesetbeaute.com\/en\/wp-json\/wp\/v2\/types\/product"}],"replies":[{"embeddable":true,"href":"https:\/\/folk-peuplesetbeaute.com\/en\/wp-json\/wp\/v2\/comments?post=29745"}],"wp:featuredmedia":[{"embeddable":true,"href":"https:\/\/folk-peuplesetbeaute.com\/en\/wp-json\/wp\/v2\/media\/29877"}],"wp:attachment":[{"href":"https:\/\/folk-peuplesetbeaute.com\/en\/wp-json\/wp\/v2\/media?parent=29745"}],"wp:term":[{"taxonomy":"product_brand","embeddable":true,"href":"https:\/\/folk-peuplesetbeaute.com\/en\/wp-json\/wp\/v2\/product_brand?post=29745"},{"taxonomy":"product_cat","embeddable":true,"href":"https:\/\/folk-peuplesetbeaute.com\/en\/wp-json\/wp\/v2\/product_cat?post=29745"},{"taxonomy":"product_tag","embeddable":true,"href":"https:\/\/folk-peuplesetbeaute.com\/en\/wp-json\/wp\/v2\/product_tag?post=29745"}],"curies":[{"name":"wp","href":"https:\/\/api.w.org\/{rel}","templated":true}]}}