{"id":29746,"date":"2025-11-25T18:15:26","date_gmt":"2025-11-25T17:15:26","guid":{"rendered":"https:\/\/folk-peuplesetbeaute.com\/?post_type=product&#038;p=29746"},"modified":"2026-03-29T20:45:54","modified_gmt":"2026-03-29T18:45:54","slug":"baume-imperial","status":"publish","type":"product","link":"https:\/\/folk-peuplesetbeaute.com\/en\/product\/baume-imperial\/","title":{"rendered":"Baume Mystique Imp\u00e9rial"},"content":{"rendered":"<p style=\"text-align: center;\" data-start=\"375\" data-end=\"499\">Huile de tsubaki, huile de son de riz, huile de th\u00e9 vert, huile de shiso, huile de prune ume, huile de yuzu, cire d\u2019abeille jaune, cire de riz, extrait de propolis<\/p>\n<div class=\"video-wrapper\"><iframe title=\"YouTube video player\" src=\"https:\/\/www.youtube-nocookie.com\/embed\/6cRZaeRkoJY?rel=0&amp;modestbranding=1\" frameborder=\"0\" allowfullscreen=\"allowfullscreen\"><span data-mce-type=\"bookmark\" style=\"display: inline-block; width: 0px; overflow: hidden; line-height: 0;\" class=\"mce_SELRES_start\">\ufeff<\/span><br \/>\n<\/iframe><\/div>\n<p style=\"margin-top: 30px; text-align: center;\" data-start=\"375\" data-end=\"499\"><strong data-start=\"166\" data-end=\"200\">Nutrition \u2022 Protection \u2022 \u00c9clat<\/strong><br data-start=\"200\" data-end=\"203\" \/><strong data-start=\"203\" data-end=\"228\" data-is-last-node=\"\">100 % naturel \u2013 50 ml<\/strong><\/p>\n<p><img data-recalc-dims=\"1\" loading=\"lazy\" decoding=\"async\" class=\"wp-image-29766 aligncenter\" src=\"https:\/\/i0.wp.com\/folk-peuplesetbeaute.com\/wp-content\/uploads\/2025\/11\/BEAUTE-D-ASIE-scaled.jpg?resize=144%2C213&#038;ssl=1\" alt=\"\" width=\"144\" height=\"213\" \/><\/p>\n<h1 data-start=\"743\" data-end=\"798\">\u2714 Hydratation intense<br \/>\n\u2714 Apaise les peaux s\u00e8ches<br \/>\n\u2714 \u00c9clat naturel imm\u00e9diat<br \/>\n\u2714 100% ingr\u00e9dients naturels<br \/>\n\u2714 Convient visage, corps, cheveux<\/h1>\n<p>&nbsp;<\/p>\n<h2 data-start=\"131\" data-end=\"183\"><strong>BAUME IMP\u00c9RIAL \u2014 Un rite de noblesse et d\u2019\u00e9clat<\/strong><\/h2>\n<p data-start=\"185\" data-end=\"216\">Puissance \u2013 H\u00e9ritage \u2013 \u00c9clat<\/p>\n<p data-start=\"218\" data-end=\"523\">Le <strong data-start=\"3\" data-end=\"21\">Baume Imp\u00e9rial<\/strong> est une transmission.<br data-start=\"43\" data-end=\"46\" \/>Un hommage aux femmes et aux hommes qui, depuis des si\u00e8cles,<br data-start=\"106\" data-end=\"109\" \/>portent en eux la gr\u00e2ce, une souverainet\u00e9 silencieuse<br data-start=\"162\" data-end=\"165\" \/>et la dignit\u00e9 du c\u0153ur.<br data-start=\"187\" data-end=\"190\" \/>Ce baume est n\u00e9 pour prolonger leurs gestes, leurs secrets,<br data-start=\"249\" data-end=\"252\" \/>leur mani\u00e8re d\u2019honorer le corps comme un temple<br data-start=\"299\" data-end=\"302\" \/>et la peau comme une couronne.<\/p>\n<p data-start=\"525\" data-end=\"755\">Le <strong data-start=\"3\" data-end=\"21\">Baume Imp\u00e9rial<\/strong> n\u2019est pas un simple soin.<br data-start=\"47\" data-end=\"50\" \/>C\u2019est un rituel, une \u00e9l\u00e9vation,<br data-start=\"81\" data-end=\"84\" \/>une invocation de la noblesse int\u00e9rieure.<br data-start=\"125\" data-end=\"128\" \/>Un baume destin\u00e9 \u00e0 rappeler \u00e0 chacun<br data-start=\"164\" data-end=\"167\" \/>la force tranquille, l\u2019h\u00e9ritage pr\u00e9cieux<br data-start=\"207\" data-end=\"210\" \/>et l\u2019\u00e9clat qui r\u00e9sident en soi.<\/p>\n<p style=\"text-align: center;\" data-start=\"757\" data-end=\"780\"><strong>LA BEAUT\u00c9 A UNE M\u00c9MOIRE<\/strong><\/p>\n<h2 data-start=\"141\" data-end=\"156\"><strong>BIENFAITS<\/strong><\/h2>\n<div class=\"flex flex-col text-sm pb-25\">\n<article class=\"text-token-text-primary w-full focus:outline-none [--shadow-height:45px] has-data-writing-block:pointer-events-none has-data-writing-block:-mt-(--shadow-height) has-data-writing-block:pt-(--shadow-height) [&amp;:has([data-writing-block])&gt;*]:pointer-events-auto scroll-mt-[calc(var(--header-height)+min(200px,max(70px,20svh)))]\" dir=\"auto\" tabindex=\"-1\" data-turn-id=\"request-WEB:a34dba74-1082-4572-9751-85d52c820107-44\" data-testid=\"conversation-turn-90\" data-scroll-anchor=\"true\" data-turn=\"assistant\">\n<div class=\"text-base my-auto mx-auto pb-10 [--thread-content-margin:--spacing(4)] @w-sm\/main:[--thread-content-margin:--spacing(6)] @w-lg\/main:[--thread-content-margin:--spacing(16)] px-(--thread-content-margin)\">\n<div class=\"[--thread-content-max-width:40rem] @w-lg\/main:[--thread-content-max-width:48rem] mx-auto max-w-(--thread-content-max-width) flex-1 group\/turn-messages focus-visible:outline-hidden relative flex w-full min-w-0 flex-col agent-turn\" tabindex=\"-1\">\n<div class=\"flex max-w-full flex-col grow\">\n<div class=\"min-h-8 text-message relative flex w-full flex-col items-end gap-2 text-start break-words whitespace-normal [.text-message+&amp;]:mt-1\" dir=\"auto\" data-message-author-role=\"assistant\" data-message-id=\"531f23a8-ddae-4c09-a541-a79cc8324e3b\" data-message-model-slug=\"gpt-5-2\">\n<div class=\"flex w-full flex-col gap-1 empty:hidden first:pt-[1px]\">\n<div class=\"markdown prose dark:prose-invert w-full wrap-break-word light markdown-new-styling\">\n<p data-start=\"0\" data-end=\"323\" data-is-last-node=\"\" data-is-only-node=\"\">Nourrit intens\u00e9ment et aide \u00e0 pr\u00e9server l\u2019hydratation<br data-start=\"53\" data-end=\"56\" \/>Apaise les zones s\u00e8ches ou sensibilis\u00e9es<br data-start=\"96\" data-end=\"99\" \/>Adoucit, lisse et am\u00e9liore le confort de la peau<br data-start=\"147\" data-end=\"150\" \/>Apporte un \u00e9clat naturel, chaud et lumineux<br data-start=\"193\" data-end=\"196\" \/>Prot\u00e8ge la peau du vent, du soleil et de la d\u00e9shydratation<br data-start=\"254\" data-end=\"257\" \/>Id\u00e9al pour le visage, le corps, les mains, les cheveux et la barbe<\/p>\n<\/div>\n<\/div>\n<\/div>\n<\/div>\n<div class=\"z-0 flex min-h-[46px] justify-start\"><\/div>\n<div class=\"mt-3 w-full empty:hidden\">\n<div class=\"text-center\"><\/div>\n<\/div>\n<\/div>\n<\/div>\n<\/article>\n<\/div>\n<div class=\"pointer-events-none h-px w-px absolute bottom-0\" aria-hidden=\"true\" data-edge=\"true\"><\/div>\n<p>&nbsp;<\/p>\n<p class=\"p6\" style=\"text-align: center;\">\u00ab <strong data-start=\"2\" data-end=\"134\">UNE INVITATION \u00c0 SE RECONNECTER AUX TRADITIONS DU MONDE ENTIER<br data-start=\"66\" data-end=\"69\" \/>ET \u00c0 C\u00c9L\u00c9BRER UNE BEAUT\u00c9 TRANSMISE DE G\u00c9N\u00c9RATION EN G\u00c9N\u00c9RATION.<\/strong> \u00bb<\/p>\n<p class=\"p1\" style=\"text-align: center;\"><b><img data-recalc-dims=\"1\" loading=\"lazy\" decoding=\"async\" class=\"alignnone wp-image-29768\" src=\"https:\/\/i0.wp.com\/folk-peuplesetbeaute.com\/wp-content\/uploads\/2025\/11\/BEAUTE-ASIATIQUE.jpg?resize=242%2C163&#038;ssl=1\" alt=\"\" width=\"242\" height=\"163\" \/><\/b><\/p>\n<p data-start=\"163\" data-end=\"300\"><strong data-start=\"0\" data-end=\"24\" data-is-only-node=\"\">Cire d\u2019abeille jaune<\/strong><br data-start=\"24\" data-end=\"27\" \/>Forme une barri\u00e8re protectrice naturelle qui aide \u00e0 retenir l\u2019hydratation.<br data-start=\"101\" data-end=\"104\" \/>Adoucit et lisse la peau.<br data-start=\"129\" data-end=\"132\" \/>Apporte texture et structure aux baumes.<\/p>\n<div class=\"flex flex-col text-sm pb-25\">\n<article class=\"text-token-text-primary w-full focus:outline-none [--shadow-height:45px] has-data-writing-block:pointer-events-none has-data-writing-block:-mt-(--shadow-height) has-data-writing-block:pt-(--shadow-height) [&amp;:has([data-writing-block])&gt;*]:pointer-events-auto scroll-mt-[calc(var(--header-height)+min(200px,max(70px,20svh)))]\" dir=\"auto\" tabindex=\"-1\" data-turn-id=\"request-WEB:a34dba74-1082-4572-9751-85d52c820107-46\" data-testid=\"conversation-turn-94\" data-scroll-anchor=\"true\" data-turn=\"assistant\">\n<div class=\"text-base my-auto mx-auto pb-10 [--thread-content-margin:--spacing(4)] @w-sm\/main:[--thread-content-margin:--spacing(6)] @w-lg\/main:[--thread-content-margin:--spacing(16)] px-(--thread-content-margin)\">\n<div class=\"[--thread-content-max-width:40rem] @w-lg\/main:[--thread-content-max-width:48rem] mx-auto max-w-(--thread-content-max-width) flex-1 group\/turn-messages focus-visible:outline-hidden relative flex w-full min-w-0 flex-col agent-turn\" tabindex=\"-1\">\n<div class=\"flex max-w-full flex-col grow\">\n<div class=\"min-h-8 text-message relative flex w-full flex-col items-end gap-2 text-start break-words whitespace-normal [.text-message+&amp;]:mt-1\" dir=\"auto\" data-message-author-role=\"assistant\" data-message-id=\"14f6c3db-3038-4c71-b107-33708eff63c3\" data-message-model-slug=\"gpt-5-2\">\n<div class=\"flex w-full flex-col gap-1 empty:hidden first:pt-[1px]\">\n<div class=\"markdown prose dark:prose-invert w-full wrap-break-word light markdown-new-styling\">\n<p data-start=\"0\" data-end=\"172\"><strong data-start=\"0\" data-end=\"24\">Cire d\u2019abeille jaune<\/strong><br data-start=\"24\" data-end=\"27\" \/>Forme une barri\u00e8re protectrice naturelle qui aide \u00e0 retenir l\u2019hydratation.<br data-start=\"101\" data-end=\"104\" \/>Adoucit et lisse la peau.<br data-start=\"129\" data-end=\"132\" \/>Apporte texture et structure aux baumes.<\/p>\n<p data-start=\"174\" data-end=\"443\"><strong data-start=\"174\" data-end=\"216\">Huile de tsubaki (<em data-start=\"194\" data-end=\"213\">Camellia japonica<\/em>)<\/strong><br data-start=\"216\" data-end=\"219\" \/>Ic\u00f4ne de la beaut\u00e9 japonaise, elle nourrit intens\u00e9ment et am\u00e9liore la souplesse de la peau.<br data-start=\"310\" data-end=\"313\" \/>Riche en acides gras, elle lisse et adoucit la peau au fil du temps.<br data-start=\"381\" data-end=\"384\" \/>Apporte un \u00e9clat d\u00e9licat et un toucher soyeux incomparable.<\/p>\n<p data-start=\"445\" data-end=\"684\"><strong data-start=\"445\" data-end=\"468\">Huile de son de riz<\/strong><br data-start=\"468\" data-end=\"471\" \/>Riche en \u03b3-oryzanol, elle aide \u00e0 illuminer la peau et \u00e0 am\u00e9liorer l\u2019uniformit\u00e9 du teint.<br data-start=\"559\" data-end=\"562\" \/>Nourrissante et protectrice, elle adoucit la peau et procure un confort durable.<br data-start=\"642\" data-end=\"645\" \/>Id\u00e9ale pour les peaux en qu\u00eate d\u2019\u00e9clat.<\/p>\n<p data-start=\"686\" data-end=\"914\"><strong data-start=\"686\" data-end=\"707\">Huile de th\u00e9 vert<\/strong><br data-start=\"707\" data-end=\"710\" \/>Riche en antioxydants, elle aide \u00e0 prot\u00e9ger la peau du vieillissement pr\u00e9matur\u00e9.<br data-start=\"790\" data-end=\"793\" \/>Apaisante et \u00e9quilibrante, elle contribue \u00e0 un teint frais et lumineux.<br data-start=\"864\" data-end=\"867\" \/>Parfaite pour les peaux sensibles ou stress\u00e9es.<\/p>\n<p data-start=\"916\" data-end=\"1168\"><strong data-start=\"916\" data-end=\"946\">Huile de shiso (<em data-start=\"934\" data-end=\"943\">P\u00e9rilla<\/em>)<\/strong><br data-start=\"946\" data-end=\"949\" \/>Riche en acides gras om\u00e9ga-3, elle apaise les inconforts et renforce la barri\u00e8re cutan\u00e9e.<br data-start=\"1038\" data-end=\"1041\" \/>L\u00e9g\u00e8re et rapidement absorb\u00e9e, elle adoucit la peau et calme les rougeurs.<br data-start=\"1115\" data-end=\"1118\" \/>Recommand\u00e9e pour les peaux d\u00e9licates ou r\u00e9actives.<\/p>\n<p data-start=\"1170\" data-end=\"1393\"><strong data-start=\"1170\" data-end=\"1206\">Huile de prune japonaise (<em data-start=\"1198\" data-end=\"1203\">Ume<\/em>)<\/strong><br data-start=\"1206\" data-end=\"1209\" \/>Nourrissante et protectrice, elle aide \u00e0 adoucir et revitaliser la peau.<br data-start=\"1281\" data-end=\"1284\" \/>Sa texture l\u00e9g\u00e8re et souple sublime naturellement le teint.<br data-start=\"1343\" data-end=\"1346\" \/>Id\u00e9ale pour une peau douce et \u00e0 l\u2019aspect frais.<\/p>\n<p data-start=\"1395\" data-end=\"1599\" data-is-last-node=\"\" data-is-only-node=\"\"><strong data-start=\"1395\" data-end=\"1412\">Huile de yuzu<\/strong><br data-start=\"1412\" data-end=\"1415\" \/>Revitalisante et riche en vitamines, elle apporte lumi\u00e8re et vitalit\u00e9 \u00e0 la peau.<br data-start=\"1495\" data-end=\"1498\" \/>Aide \u00e0 rafra\u00eechir, lisser et dynamiser le teint.<br data-start=\"1546\" data-end=\"1549\" \/>Id\u00e9ale pour une sensation aromatique de fra\u00eecheur.<\/p>\n<\/div>\n<\/div>\n<\/div>\n<\/div>\n<div class=\"z-0 flex min-h-[46px] justify-start\"><\/div>\n<div class=\"mt-3 w-full empty:hidden\">\n<div class=\"text-center\"><\/div>\n<\/div>\n<\/div>\n<\/div>\n<\/article>\n<\/div>\n<div class=\"pointer-events-none h-px w-px absolute bottom-0\" aria-hidden=\"true\" data-edge=\"true\"><\/div>\n<p class=\"p6\" style=\"text-align: center;\">\u00ab <strong data-start=\"2\" data-end=\"78\">CHAQUE BAUME RACONTE L\u2019HISTOIRE D\u2019UN PEUPLE, D\u2019UNE TERRE, D\u2019UNE M\u00c9MOIRE.<\/strong> \u00bb<\/p>\n<p class=\"p6\" style=\"text-align: center;\"><img data-recalc-dims=\"1\" loading=\"lazy\" decoding=\"async\" class=\"alignnone wp-image-29767\" src=\"https:\/\/i0.wp.com\/folk-peuplesetbeaute.com\/wp-content\/uploads\/2025\/11\/sunny-ng-KVIlNRoGwxk-unsplash-scaled.jpg?resize=167%2C228&#038;ssl=1\" alt=\"\" width=\"167\" height=\"228\" \/><\/p>\n<p class=\"p8\"><strong>THE FOLK SPIRIT \u2014 PEOPLES &amp; BEAUTY<\/strong><\/p>\n<p class=\"p9\">Each FOLK balm is an encounter \u2014<br data-start=\"995\" data-end=\"998\" \/>a grounded beauty gesture inspired by the traditions, materials, and rituals of the world\u2019s peoples.<br data-start=\"1098\" data-end=\"1101\" \/><strong data-start=\"1101\" data-end=\"1119\">Mystic African<\/strong> belongs to this lineage: generous, vibrant, and authentic.<\/p>\n<p data-start=\"0\" data-end=\"26\"><strong data-start=\"0\" data-end=\"26\">CONSEILS D\u2019UTILISATION<\/strong><\/p>\n<p data-start=\"28\" data-end=\"105\">Pr\u00e9levez une petite quantit\u00e9, r\u00e9chauffez-la entre les mains, puis appliquez :<\/p>\n<ul data-start=\"107\" data-end=\"329\">\n<li data-start=\"107\" data-end=\"147\">\n<p data-start=\"109\" data-end=\"147\">sur le visage par de l\u00e9gers massages<\/p>\n<\/li>\n<li data-start=\"148\" data-end=\"188\">\n<p data-start=\"150\" data-end=\"188\">sur le corps pour nourrir et adoucir<\/p>\n<\/li>\n<li data-start=\"189\" data-end=\"237\">\n<p data-start=\"191\" data-end=\"237\">sur les zones s\u00e8ches (coudes, mains, talons)<\/p>\n<\/li>\n<li data-start=\"238\" data-end=\"280\">\n<p data-start=\"240\" data-end=\"280\">comme baume capillaire sur les pointes<\/p>\n<\/li>\n<li data-start=\"281\" data-end=\"329\">\n<p data-start=\"283\" data-end=\"329\">comme soin de la barbe ou baume apr\u00e8s-rasage<\/p>\n<\/li>\n<\/ul>\n<p data-start=\"331\" data-end=\"379\" data-is-last-node=\"\" data-is-only-node=\"\">\u00c0 utiliser quotidiennement ou selon les besoins.<\/p>\n<div class=\"relative basis-auto flex-col -mb-(--composer-overlap-px) [--composer-overlap-px:28px] grow flex\">\n<div class=\"flex flex-col text-sm pb-25\">\n<article class=\"text-token-text-primary w-full focus:outline-none [--shadow-height:45px] has-data-writing-block:pointer-events-none has-data-writing-block:-mt-(--shadow-height) has-data-writing-block:pt-(--shadow-height) [&amp;:has([data-writing-block])&gt;*]:pointer-events-auto scroll-mt-[calc(var(--header-height)+min(200px,max(70px,20svh)))]\" dir=\"auto\" tabindex=\"-1\" data-turn-id=\"request-WEB:a34dba74-1082-4572-9751-85d52c820107-51\" data-testid=\"conversation-turn-104\" data-scroll-anchor=\"true\" data-turn=\"assistant\">\n<div class=\"text-base my-auto mx-auto pb-10 [--thread-content-margin:--spacing(4)] @w-sm\/main:[--thread-content-margin:--spacing(6)] @w-lg\/main:[--thread-content-margin:--spacing(16)] px-(--thread-content-margin)\">\n<div class=\"[--thread-content-max-width:40rem] @w-lg\/main:[--thread-content-max-width:48rem] mx-auto max-w-(--thread-content-max-width) flex-1 group\/turn-messages focus-visible:outline-hidden relative flex w-full min-w-0 flex-col agent-turn\" tabindex=\"-1\">\n<div class=\"flex max-w-full flex-col grow\">\n<div class=\"min-h-8 text-message relative flex w-full flex-col items-end gap-2 text-start break-words whitespace-normal [.text-message+&amp;]:mt-1\" dir=\"auto\" data-message-author-role=\"assistant\" data-message-id=\"ee8e7425-5f25-4171-81d7-553c3eed749a\" data-message-model-slug=\"gpt-5-2\">\n<div class=\"flex w-full flex-col gap-1 empty:hidden first:pt-[1px]\">\n<div class=\"markdown prose dark:prose-invert w-full wrap-break-word light markdown-new-styling\">\n<p data-start=\"0\" data-end=\"15\"><strong data-start=\"0\" data-end=\"15\">PR\u00c9CAUTIONS <\/strong><\/p>\n<p data-start=\"0\" data-end=\"15\">Usage externe uniquement.<br data-start=\"42\" data-end=\"45\" \/>\u00c9viter le contact avec les yeux.<br data-start=\"77\" data-end=\"80\" \/>Conserver \u00e0 l\u2019abri de la chaleur.<br data-start=\"113\" data-end=\"116\" \/>Convient \u00e0 tous les types de peau.<br data-start=\"150\" data-end=\"153\" \/>Un test dermatologique est recommand\u00e9 pour les peaux tr\u00e8s sensibles.<\/p>\n<p data-start=\"223\" data-end=\"373\"><strong data-start=\"223\" data-end=\"241\">Conservation :<\/strong><br data-start=\"241\" data-end=\"244\" \/>\u00c0 conserver \u00e0 temp\u00e9rature ambiante, \u00e0 l\u2019abri de la lumi\u00e8re et de l\u2019humidit\u00e9.<br data-start=\"320\" data-end=\"323\" \/>Dur\u00e9e d\u2019utilisation apr\u00e8s ouverture : <strong data-start=\"361\" data-end=\"372\">12 mois<\/strong>.<\/p>\n<p data-start=\"375\" data-end=\"439\"><strong data-start=\"375\" data-end=\"397\">Mentions l\u00e9gales :<\/strong><br data-start=\"397\" data-end=\"400\" \/>Cosm\u00e9tique naturel. Fabriqu\u00e9 en France.<\/p>\n<p data-start=\"441\" data-end=\"854\" data-is-last-node=\"\" data-is-only-node=\"\"><strong data-start=\"441\" data-end=\"451\">INCI :<\/strong><br data-start=\"451\" data-end=\"454\" \/>Cera Alba, <em data-start=\"465\" data-end=\"484\">Camellia Japonica<\/em> Seed Oil, <em data-start=\"495\" data-end=\"509\">Oryza Sativa<\/em> Bran Oil, <em data-start=\"520\" data-end=\"539\" data-is-only-node=\"\">Camellia Sinensis<\/em> Seed Oil, <em data-start=\"550\" data-end=\"570\">Perilla Frutescens<\/em> Seed Oil, <em data-start=\"581\" data-end=\"594\">Prunus Mume<\/em> Seed Oil, <em data-start=\"605\" data-end=\"619\">Citrus Junos<\/em> Peel Oil, <em data-start=\"630\" data-end=\"648\">Bambusa Vulgaris<\/em> Extract, <em data-start=\"658\" data-end=\"676\">Nelumbo Nucifera<\/em> Flower Extract, <em data-start=\"693\" data-end=\"712\">Camellia Sinensis<\/em> Leaf Powder, Tocopherol, Parfum (Fragrance), Limonene, Linalool, Citral, Geraniol* (<em data-start=\"797\" data-end=\"851\">naturellement pr\u00e9sents dans les extraits aromatiques<\/em>).*<\/p>\n<\/div>\n<\/div>\n<\/div>\n<\/div>\n<\/div>\n<\/div>\n<\/article>\n<\/div>\n<\/div>\n<div id=\"thread-bottom-container\" class=\"sticky bottom-0 group\/thread-bottom-container relative isolate z-10 w-full basis-auto has-data-has-thread-error:pt-2 has-data-has-thread-error:[box-shadow:var(--sharp-edge-bottom-shadow)] md:border-transparent md:pt-0 dark:border-white\/20 md:dark:border-transparent print:hidden content-fade single-line flex flex-col\">\n<div id=\"thread-bottom\">\n<div class=\"text-base mx-auto [--thread-content-margin:--spacing(4)] @w-sm\/main:[--thread-content-margin:--spacing(6)] @w-lg\/main:[--thread-content-margin:--spacing(16)] px-(--thread-content-margin)\">\n<div class=\"[--thread-content-max-width:40rem] @w-lg\/main:[--thread-content-max-width:48rem] mx-auto max-w-(--thread-content-max-width) flex-1 mb-4\">\n<div class=\"pointer-events-auto relative z-1 flex h-(--composer-container-height,100%) max-w-full flex-(--composer-container-flex,1) flex-col\">\n<form class=\"group\/composer w-full\" data-type=\"unified-composer\">\n<div class=\"\">\n<div class=\"bg-token-bg-primary corner-superellipse\/1.1 cursor-text overflow-clip bg-clip-padding p-2.5 contain-inline-size motion-safe:transition-colors motion-safe:duration-200 motion-safe:ease-in-out dark:bg-[#303030] grid grid-cols-[auto_1fr_auto] [grid-template-areas:'header_header_header'_'leading_primary_trailing'_'._footer_.'] group-data-expanded\/composer:[grid-template-areas:'header_header_header'_'primary_primary_primary'_'leading_footer_trailing'] shadow-short\" data-composer-surface=\"true\">\n<div class=\"[grid-area:leading]\"><\/div>\n<\/div>\n<\/div>\n<\/form>\n<\/div>\n<\/div>\n<\/div>\n<\/div>\n<\/div>\n<p><span class=\"s1\"><img data-recalc-dims=\"1\" loading=\"lazy\" decoding=\"async\" class=\"wp-image-29795 aligncenter\" src=\"https:\/\/i0.wp.com\/folk-peuplesetbeaute.com\/wp-content\/uploads\/2025\/11\/ENCENS-scaled.jpg?resize=249%2C373&#038;ssl=1\" alt=\"\" width=\"249\" height=\"373\" \/><\/span><\/p>\n","protected":false},"excerpt":{"rendered":"<p>Baume nourrissant intense \u2013 visage, corps &amp; cheveux<br \/>\n100% naturel \u2013 nourrit, prot\u00e8ge et illumine la peau<\/p>\n<h2 data-start=\"347\" data-end=\"363\"><strong>\u2714 Livraison rapide (48h)<\/strong><br \/>\n<strong>\u2714 Paiement s\u00e9curis\u00e9<\/strong><br \/>\n<strong>\u2714 Exp\u00e9di\u00e9 depuis la France<\/strong><\/h2>","protected":false},"featured_media":29878,"comment_status":"open","ping_status":"closed","template":"","meta":{"_acf_changed":false,"_et_pb_use_builder":"","_et_pb_old_content":"","_et_gb_content_width":""},"product_brand":[],"product_cat":[77],"product_tag":[],"class_list":{"0":"post-29746","1":"product","2":"type-product","3":"status-publish","4":"has-post-thumbnail","6":"product_cat-cremes-baumes","7":"product_shipping_class-baumes-et-cremes","9":"first","10":"instock","11":"taxable","12":"shipping-taxable","13":"purchasable","14":"product-type-simple"},"acf":[],"jetpack_sharing_enabled":true,"_links":{"self":[{"href":"https:\/\/folk-peuplesetbeaute.com\/en\/wp-json\/wp\/v2\/product\/29746","targetHints":{"allow":["GET"]}}],"collection":[{"href":"https:\/\/folk-peuplesetbeaute.com\/en\/wp-json\/wp\/v2\/product"}],"about":[{"href":"https:\/\/folk-peuplesetbeaute.com\/en\/wp-json\/wp\/v2\/types\/product"}],"replies":[{"embeddable":true,"href":"https:\/\/folk-peuplesetbeaute.com\/en\/wp-json\/wp\/v2\/comments?post=29746"}],"wp:featuredmedia":[{"embeddable":true,"href":"https:\/\/folk-peuplesetbeaute.com\/en\/wp-json\/wp\/v2\/media\/29878"}],"wp:attachment":[{"href":"https:\/\/folk-peuplesetbeaute.com\/en\/wp-json\/wp\/v2\/media?parent=29746"}],"wp:term":[{"taxonomy":"product_brand","embeddable":true,"href":"https:\/\/folk-peuplesetbeaute.com\/en\/wp-json\/wp\/v2\/product_brand?post=29746"},{"taxonomy":"product_cat","embeddable":true,"href":"https:\/\/folk-peuplesetbeaute.com\/en\/wp-json\/wp\/v2\/product_cat?post=29746"},{"taxonomy":"product_tag","embeddable":true,"href":"https:\/\/folk-peuplesetbeaute.com\/en\/wp-json\/wp\/v2\/product_tag?post=29746"}],"curies":[{"name":"wp","href":"https:\/\/api.w.org\/{rel}","templated":true}]}}