{"id":29804,"date":"2025-12-01T13:27:10","date_gmt":"2025-12-01T12:27:10","guid":{"rendered":"https:\/\/folk-peuplesetbeaute.com\/?post_type=product&#038;p=29804"},"modified":"2026-01-23T16:38:55","modified_gmt":"2026-01-23T15:38:55","slug":"porte-savon-ligne-romaine","status":"publish","type":"product","link":"https:\/\/folk-peuplesetbeaute.com\/en\/product\/porte-savon-ligne-romaine\/","title":{"rendered":"Porte-savon en c\u00e9ramique \u00ab Ligne Romaine \u00bb"},"content":{"rendered":"<p data-start=\"0\" data-end=\"621\"><strong>Enti\u00e8rement fa\u00e7onn\u00e9 \u00e0 la main en France, ce porte-savon en c\u00e9ramique incarne l\u2019\u00e9l\u00e9gance discr\u00e8te d\u2019un v\u00e9ritable savoir-faire artisanal.<\/strong><br data-start=\"135\" data-end=\"138\" \/>Son design sobre, simple et chic s\u2019int\u00e8gre harmonieusement dans toutes les salles de bain.<br data-start=\"228\" data-end=\"231\" \/>Il est d\u00e9licatement orn\u00e9 d\u2019une demi-couronne de laurier, symbole romain de victoire, de prestige et d\u2019accomplissement. Dans l\u2019Antiquit\u00e9, les couronnes de laurier ornaient la t\u00eate des vainqueurs comme des penseurs, \u00e9voquant la noblesse du geste et la beaut\u00e9 du travail bien fait.<br data-start=\"509\" data-end=\"512\" \/>Ce porte-savon perp\u00e9tue cet h\u00e9ritage raffin\u00e9, apportant une touche d\u2019histoire et de distinction au quotidien.Chaque pi\u00e8ce est unique, soigneusement fa\u00e7onn\u00e9e par un atelier d\u2019artisan qui perp\u00e9tue un savoir-faire authentique.<\/p>","protected":false},"excerpt":{"rendered":"<p><strong>Enti\u00e8rement fa\u00e7onn\u00e9 \u00e0 la main en France, ce porte-savon en c\u00e9ramique incarne l\u2019\u00e9l\u00e9gance discr\u00e8te d\u2019un v\u00e9ritable savoir-faire artisanal.<\/strong><br data-start=\"135\" data-end=\"138\" \/>Son design sobre, simple et chic s\u2019int\u00e8gre harmonieusement dans toutes les salles de bain.<br data-start=\"228\" data-end=\"231\" \/>Il est d\u00e9licatement orn\u00e9 d\u2019une demi-couronne de laurier, symbole romain de victoire, de prestige et d\u2019accomplissement.<\/p>","protected":false},"featured_media":29806,"comment_status":"open","ping_status":"closed","template":"","meta":{"_acf_changed":false,"_et_pb_use_builder":"","_et_pb_old_content":"","_et_gb_content_width":""},"product_brand":[],"product_cat":[18],"product_tag":[],"class_list":{"0":"post-29804","1":"product","2":"type-product","3":"status-publish","4":"has-post-thumbnail","6":"product_cat-savons","8":"first","9":"instock","10":"taxable","11":"shipping-taxable","12":"purchasable","13":"product-type-simple"},"acf":[],"jetpack_sharing_enabled":true,"_links":{"self":[{"href":"https:\/\/folk-peuplesetbeaute.com\/en\/wp-json\/wp\/v2\/product\/29804","targetHints":{"allow":["GET"]}}],"collection":[{"href":"https:\/\/folk-peuplesetbeaute.com\/en\/wp-json\/wp\/v2\/product"}],"about":[{"href":"https:\/\/folk-peuplesetbeaute.com\/en\/wp-json\/wp\/v2\/types\/product"}],"replies":[{"embeddable":true,"href":"https:\/\/folk-peuplesetbeaute.com\/en\/wp-json\/wp\/v2\/comments?post=29804"}],"wp:featuredmedia":[{"embeddable":true,"href":"https:\/\/folk-peuplesetbeaute.com\/en\/wp-json\/wp\/v2\/media\/29806"}],"wp:attachment":[{"href":"https:\/\/folk-peuplesetbeaute.com\/en\/wp-json\/wp\/v2\/media?parent=29804"}],"wp:term":[{"taxonomy":"product_brand","embeddable":true,"href":"https:\/\/folk-peuplesetbeaute.com\/en\/wp-json\/wp\/v2\/product_brand?post=29804"},{"taxonomy":"product_cat","embeddable":true,"href":"https:\/\/folk-peuplesetbeaute.com\/en\/wp-json\/wp\/v2\/product_cat?post=29804"},{"taxonomy":"product_tag","embeddable":true,"href":"https:\/\/folk-peuplesetbeaute.com\/en\/wp-json\/wp\/v2\/product_tag?post=29804"}],"curies":[{"name":"wp","href":"https:\/\/api.w.org\/{rel}","templated":true}]}}